{"id":1744,"date":"2018-09-11T10:17:49","date_gmt":"2018-09-11T08:17:49","guid":{"rendered":"http:\/\/omegakikol.pl\/?page_id=1744"},"modified":"2018-09-11T10:29:44","modified_gmt":"2018-09-11T08:29:44","slug":"informacje-o-projekcie-3","status":"publish","type":"page","link":"https:\/\/omegakikol.pl\/?page_id=1744","title":{"rendered":"Informacje o projekcie"},"content":{"rendered":"<p><img loading=\"lazy\" decoding=\"async\" class=\"size-full wp-image-1147 aligncenter\" src=\"http:\/\/omegakikol.pl\/wp-content\/uploads\/2016\/01\/nowy-logotgyp2-1.jpg\" alt=\"\" width=\"765\" height=\"83\" srcset=\"https:\/\/omegakikol.pl\/wp-content\/uploads\/2016\/01\/nowy-logotgyp2-1.jpg 765w, https:\/\/omegakikol.pl\/wp-content\/uploads\/2016\/01\/nowy-logotgyp2-1-300x33.jpg 300w\" sizes=\"auto, (max-width: 765px) 100vw, 765px\" \/><\/p>\n<p><img loading=\"lazy\" decoding=\"async\" class=\"size-large wp-image-1416 aligncenter\" src=\"http:\/\/omegakikol.pl\/wp-content\/uploads\/2018\/03\/plakat-Mieszka\u0144cy...bis_-724x1024.jpg\" alt=\"\" width=\"724\" height=\"1024\" srcset=\"https:\/\/omegakikol.pl\/wp-content\/uploads\/2018\/03\/plakat-Mieszka\u0144cy...bis_-724x1024.jpg 724w, https:\/\/omegakikol.pl\/wp-content\/uploads\/2018\/03\/plakat-Mieszka\u0144cy...bis_-212x300.jpg 212w, https:\/\/omegakikol.pl\/wp-content\/uploads\/2018\/03\/plakat-Mieszka\u0144cy...bis_-768x1086.jpg 768w\" sizes=\"auto, (max-width: 724px) 100vw, 724px\" \/><\/p>\n<h4 style=\"text-align: center;\"><strong><span style=\"color: #000000;\">\u201eMieszka\u0144cy powiatu lipnowskiego <\/span><\/strong><\/h4>\n<h4 style=\"text-align: center;\"><strong><span style=\"color: #000000;\">aktywni na rynku pracy bis \u201d<\/span><\/strong><\/h4>\n<h4 style=\"text-align: center;\"><strong><span style=\"color: #000000;\">RPKP.08.02.01-04-0030\/17<\/span><\/strong><\/h4>\n<h4 style=\"text-align: center;\"><strong><span style=\"color: #000000;\">ZAPRASZAMY DO UDZIA\u0141U W PROJEKCIE<\/span><\/strong><\/h4>\n<h4 style=\"text-align: center;\"><span style=\"color: #000000;\">Celem projektu b\u0119dzie poprawienie i wzmocnienie zdolno\u015bci do zatrudnienia 30 os\u00f3b biernych zawodowo (18K i 12M) zamieszka\u0142ych powiat lipnowski woj. kujawsko-pomorskiego w wieku 29 lat i wi\u0119cej poprzez indywidualn\u0105 i kompleksow\u0105 aktywizacj\u0119 zawodow\u0105 zdefiniowan\u0105 w oparciu o identyfikacj\u0119 potrzeb os\u00f3b biernych zawodowo, ukierunkowan\u0105 na opracowanie i wdro\u017cenie Indywidualnego Planu Dzia\u0142ania, poradnictwo zawodowe indywidualne, warsztaty aktywnego poszukiwania pracy oraz dzia\u0142ania ukierunkowane na zdobycie do\u015bwiadczenia u pracodawc\u00f3w poprzez realizacj\u0119 6 miesi\u0119cznych sta\u017cy zawodowych pracodawc\u00f3w w terminie do 31 sierpnia 2018 roku.<\/span><\/h4>\n<h4 style=\"text-align: center;\"><span style=\"color: #000000;\"><strong>G\u0142\u00f3wne zadania:<\/strong><\/span><\/h4>\n<h4 style=\"text-align: center;\"><span style=\"color: #000000;\">Rekrutacja do projektu zgodna z grup\u0105 docelow\u0105<\/span><\/h4>\n<h4 style=\"text-align: center;\"><span style=\"color: #000000;\">Identyfikacja potrzeb os\u00f3b biernych zawodowo ukierunkowana na opracowanie i wdro\u017cenie Indywidualnych Plan\u00f3w Dzia\u0142ania<\/span><\/h4>\n<h4 style=\"text-align: center;\"><span style=\"color: #000000;\">Poradnictwo zawodowe indywidualne w celu zdiagnozowania przyczyn pozostawania bez zatrudnienia oraz pomoc w poszukiwaniu sposob\u00f3w rozwi\u0105zywania przyczyn pozostawania bez zatrudnienia<\/span><\/h4>\n<h4 style=\"text-align: center;\"><span style=\"color: #000000;\">Warsztaty aktywnego poszukiwania pracy<\/span><\/h4>\n<h4 style=\"text-align: center;\"><span style=\"color: #000000;\">6 miesi\u0119czne sta\u017ce zawodowe s\u0142u\u017c\u0105ce zdobyciu do\u015bwiadczenia zawodowego wymaganego przez pracodawc\u00f3w<\/span><\/h4>\n<h4 style=\"text-align: center;\"><span style=\"color: #000000;\">Ka\u017cdy z uczestnik\u00f3w\/ uczestniczek projektu zostanie obj\u0119ty czterema formami wsparcia.<\/span><\/h4>\n<p>&nbsp;<\/p>\n<h4>&nbsp;<\/h4>\n<p>&nbsp;<\/p>\n<h4 style=\"text-align: center;\"><span style=\"color: #000000;\"><strong>PROJEKT <\/strong><\/span><\/h4>\n<h4 style=\"text-align: center;\"><span style=\"color: #000000;\"><strong>\u201eMieszka\u0144cy powiatu lipnowskiego aktywni na rynku pracy bis\u201d<\/strong><\/span><\/h4>\n<h4 style=\"text-align: center;\"><span style=\"color: #000000;\"><strong>&nbsp;RPKP.08.02.01-04-0030\/17<\/strong><\/span><\/h4>\n<h4 style=\"text-align: center;\"><span style=\"color: #000000;\"><strong>&nbsp;Projekt realizowany w okresie 01.01.2018r. \u2013 31.08.2018r.<\/strong><\/span><\/h4>\n<h4 style=\"text-align: center;\"><span style=\"color: #000000;\"><strong>&nbsp;Szanowni Pa\u0144stwo z przyjemno\u015bci\u0105 informujemy, i\u017c od dnia 01.03.2018r. <\/strong><\/span><\/h4>\n<h4 style=\"text-align: center;\"><span style=\"color: #000000;\">30 uczestnik\u00f3w projektu pt: \u201dMieszka\u0144cy powiatu lipnowskiego aktywni na rynku pracy bis\u201d (18K i 12M) przyst\u0105pi\u0142o do odbywania 6 miesi\u0119cznych sta\u017cy zawodowych u pracodawc\u00f3w zgodnie ze zdiagnozowanymi potrzebami i mo\u017cliwo\u015bciami poszczeg\u00f3lnych os\u00f3b. Sta\u017ce zawodowe odbywaj\u0105 si\u0119 zgodnie z Polskimi Ramami Jako\u015bci Praktyk i Sta\u017cy. Pracodawcy wraz z opiekunami sta\u017cyst\u00f3w oraz kierownikiem projektu opracowali wsp\u00f3lnie programy sta\u017cu w formie spisanego dokumentu. Programy sta\u017cu zawieraj\u0105: zdefiniowane cele edukacyjne, tre\u015bci edukacyjne oraz zakres obowi\u0105zk\u00f3w. Okre\u015blaj\u0105 tak\u017ce nazw\u0119 zawodu oraz specjalno\u015b\u0107, kt\u00f3rej dotyczy sta\u017c, rodzaj uzyskiwanych kwalifikacji lub umiej\u0119tno\u015bci zawodowych, spos\u00f3b potwierdzenia nabytych kwalifikacji i umiej\u0119tno\u015bci zawodowych, opiekuna osoby obj\u0119tej sta\u017cem. Program zosta\u0142 opracowany indywidualnie, z uwzgl\u0119dnieniem potrzeb i potencja\u0142u sta\u017cysty. Ka\u017cdemu ze sta\u017cyst\u00f3w zosta\u0142o zapewnione odpowiednie stanowisko pracy sta\u017cysty wyposa\u017cone&nbsp;w niezb\u0119dne sprz\u0119ty, narz\u0119dzia i zaplecze zgodnie z programem sta\u017cu.<\/span><\/h4>\n<p>&nbsp;<\/p>\n<p>&nbsp;<\/p>\n","protected":false},"excerpt":{"rendered":"<p>\u201eMieszka\u0144cy powiatu lipnowskiego aktywni na rynku pracy bis \u201d RPKP.08.02.01-04-0030\/17 ZAPRASZAMY DO UDZIA\u0141U W PROJEKCIE Celem projektu b\u0119dzie poprawienie i wzmocnienie zdolno\u015bci do zatrudnienia 30 os\u00f3b biernych zawodowo (18K i 12M) zamieszka\u0142ych powiat lipnowski woj. kujawsko-pomorskiego w wieku 29 lat i wi\u0119cej poprzez indywidualn\u0105 i kompleksow\u0105 aktywizacj\u0119 zawodow\u0105 zdefiniowan\u0105 w oparciu o identyfikacj\u0119 potrzeb os\u00f3b [&hellip;]<\/p>\n","protected":false},"author":1,"featured_media":0,"parent":0,"menu_order":0,"comment_status":"closed","ping_status":"closed","template":"","meta":{"ngg_post_thumbnail":0,"footnotes":""},"class_list":["post-1744","page","type-page","status-publish","hentry"],"_links":{"self":[{"href":"https:\/\/omegakikol.pl\/index.php?rest_route=\/wp\/v2\/pages\/1744","targetHints":{"allow":["GET"]}}],"collection":[{"href":"https:\/\/omegakikol.pl\/index.php?rest_route=\/wp\/v2\/pages"}],"about":[{"href":"https:\/\/omegakikol.pl\/index.php?rest_route=\/wp\/v2\/types\/page"}],"author":[{"embeddable":true,"href":"https:\/\/omegakikol.pl\/index.php?rest_route=\/wp\/v2\/users\/1"}],"replies":[{"embeddable":true,"href":"https:\/\/omegakikol.pl\/index.php?rest_route=%2Fwp%2Fv2%2Fcomments&post=1744"}],"version-history":[{"count":5,"href":"https:\/\/omegakikol.pl\/index.php?rest_route=\/wp\/v2\/pages\/1744\/revisions"}],"predecessor-version":[{"id":1754,"href":"https:\/\/omegakikol.pl\/index.php?rest_route=\/wp\/v2\/pages\/1744\/revisions\/1754"}],"wp:attachment":[{"href":"https:\/\/omegakikol.pl\/index.php?rest_route=%2Fwp%2Fv2%2Fmedia&parent=1744"}],"curies":[{"name":"wp","href":"https:\/\/api.w.org\/{rel}","templated":true}]}}