{"id":176,"date":"2016-01-11T21:26:55","date_gmt":"2016-01-11T20:26:55","guid":{"rendered":"http:\/\/omegakikol.pl\/?page_id=176"},"modified":"2024-10-01T22:21:23","modified_gmt":"2024-10-01T20:21:23","slug":"strona-glowna-5","status":"publish","type":"page","link":"https:\/\/omegakikol.pl\/","title":{"rendered":"Home"},"content":{"rendered":"\r\n<div class=\"wp-block-group\"><div class=\"wp-block-group__inner-container is-layout-flow wp-block-group-is-layout-flow\">\r\n<div class=\"art-content-layout layout-item-0\">\r\n<div class=\"art-content-layout-row\">\r\n<div class=\"art-layout-cell layout-item-1\" style=\"width: 25%;\">\r\n<p><img loading=\"lazy\" decoding=\"async\" class=\"art-lightbox\" src=\"http:\/\/omegakikol.pl\/wp-content\/uploads\/2016\/01\/urzadmiastawloclawek.jpg\" alt=\"\" width=\"173\" height=\"56\"><\/p>\r\n<p><a href=\"http:\/\/www.ugbobrowniki.pl\/\" target=\"_self\" rel=\"noopener noreferrer\"><img loading=\"lazy\" decoding=\"async\" class=\"\" src=\"http:\/\/omegakikol.pl\/wp-content\/uploads\/2016\/01\/bobrowniki.jpg\" alt=\"\" width=\"174\" height=\"56\"><\/a><\/p>\r\n<p><a href=\"http:\/\/www.czernikowo.pl\/\" target=\"_self\" rel=\"noopener noreferrer\"><img loading=\"lazy\" decoding=\"async\" class=\"\" src=\"http:\/\/omegakikol.pl\/wp-content\/uploads\/2016\/01\/czernikowo.jpg\" alt=\"\" width=\"176\" height=\"56\"><\/a><\/p>\r\n<p><a href=\"http:\/\/www.wielgie.pl\/\" target=\"_self\" rel=\"noopener noreferrer\"><img loading=\"lazy\" decoding=\"async\" class=\"\" src=\"http:\/\/omegakikol.pl\/wp-content\/uploads\/2016\/01\/wielgie.jpg\" alt=\"\" width=\"179\" height=\"56\"><\/a><\/p>\r\n<p><a href=\"http:\/\/www.zbojno.pl\/\" target=\"_blank\" rel=\"noopener noreferrer\"><img loading=\"lazy\" decoding=\"async\" class=\"\" src=\"http:\/\/omegakikol.pl\/wp-content\/uploads\/2016\/01\/zbojno.jpg\" alt=\"\" width=\"160\" height=\"63\"><\/a><\/p>\r\n<p><a href=\"http:\/\/www.dobrzynskielgd.org.pl\/\/\" target=\"_blank\" rel=\"noopener noreferrer\"><img loading=\"lazy\" decoding=\"async\" src=\"http:\/\/omegakikol.pl\/wp-content\/uploads\/2016\/01\/region-poludnie-3.jpg\" alt=\"\" width=\"146\" height=\"90\"><\/a><\/p>\r\n<p><a href=\"http:\/\/szkolarachcin.pl.tl\/\" target=\"_blank\" rel=\"noopener noreferrer\"><img loading=\"lazy\" decoding=\"async\" src=\"http:\/\/omegakikol.pl\/wp-content\/uploads\/2016\/01\/rachcin.jpg\" alt=\"\" width=\"129\" height=\"131\"><\/a><\/p>\r\n<p><a href=\"http:\/\/zsb.wloclawek.pl\/\" target=\"_blank\" rel=\"noopener noreferrer\"><img loading=\"lazy\" decoding=\"async\" class=\"\" src=\"http:\/\/omegakikol.pl\/wp-content\/uploads\/2016\/01\/zespol-szkol-budowlanych-3.jpg\" alt=\"\" width=\"150\" height=\"68\"><\/a><\/p>\r\n<p><img loading=\"lazy\" decoding=\"async\" class=\"art-lightbox\" src=\"http:\/\/omegakikol.pl\/wp-content\/uploads\/2016\/01\/kikol.gif\" alt=\"\" width=\"114\" height=\"134\"><\/p>\r\n<p><a href=\"http:\/\/www.zsch.wek.pl\/\" target=\"_blank\" rel=\"noopener noreferrer\"><img loading=\"lazy\" decoding=\"async\" class=\"\" src=\"http:\/\/omegakikol.pl\/wp-content\/uploads\/2016\/01\/zespol-szkol-chemicznych-3.jpg\" alt=\"\" width=\"129\" height=\"88\"><\/a><\/p>\r\n<p><img loading=\"lazy\" decoding=\"async\" class=\"art-lightbox\" src=\"http:\/\/omegakikol.pl\/wp-content\/uploads\/2016\/01\/stowazyszenie-na-rzecz-rozwoju-dizeci-4.gif\" alt=\"\" width=\"148\" height=\"70\"><\/p>\r\n<p><img loading=\"lazy\" decoding=\"async\" class=\"art-lightbox\" src=\"http:\/\/omegakikol.pl\/wp-content\/uploads\/2016\/01\/fundacja_na_rzecz_rozwoju_wsi-1-4.jpg\" alt=\"\" width=\"189\" height=\"98\"><\/p>\r\n<\/div>\r\n<div class=\"art-layout-cell layout-item-1\" style=\"width: 75%;\">\r\n<div style=\"color: #2d0059; font-family: Georgia; widows: 1; background-color: #ffffff;\" align=\"center\">\r\n<div>&nbsp;<\/div>\r\n<\/div>\r\n<h3 style=\"text-align: center;\"><span style=\"color: #ff0000;\"><span style=\"widows: 1; font-size: 16px;\">\u201eSzanowni Pa\u0144stwo zapraszamy osoby ch\u0119tne do udzia\u0142u w szkoleniu z zakresu Specjalistycznych Us\u0142ug Opieku\u0144czych (SUO)\u201d Szkolenia SUO odbywaj\u0105 si\u0119 cyklicznie po uzbieraniu grupy 6-8 osobowej. Zapis\u00f3w mo\u017cna dokonywa\u0107 telefonicznie pod numerem telefonu <\/span><a style=\"widows: 1; font-size: 16px; color: #ff0000;\" href=\"tel:604%20486%20117\" target=\"_blank\" rel=\"noopener noreferrer\">604 486 117<\/a><span style=\"widows: 1; font-size: 16px;\">&nbsp;od poniedzia\u0142ku do pi\u0105tku w godzinach 8:00- 15:00&nbsp;&nbsp;<\/span><\/span><\/h3>\r\n<div style=\"color: #2d0059; font-family: Georgia; widows: 1; background-color: #ffffff;\" align=\"center\">\r\n<p style=\"text-align: left;\"><strong><span style=\"color: #000000;\">Post\u0119powanie o udzielenie zam\u00f3wienia w trybie konkurencyjno\u015bci pt.\u201eZakup i dostawa 80 laptop\u00f3w i 4 serwer\u00f3w z akcesoriami do 4 w\u0142oc\u0142awskich lice\u00f3w\u201d<\/span><\/strong><\/p>\r\n<h4 style=\"text-align: right;\"><span style=\"color: #0000ff;\"><a style=\"color: #0000ff;\" href=\"http:\/\/omegakikol.pl\/?page_id=2495\">czytaj wi\u0119cej&#8230;<\/a><\/span><\/h4>\r\n<p><span style=\"color: inherit; font-size: 1.56em; font-weight: 600; font-family: 'times new roman', times;\">PANACEUM-OMEGA<\/span><\/p>\r\n<\/div>\r\n<div style=\"color: #2d0059; font-family: Georgia; widows: 1; background-color: #ffffff;\" align=\"center\">\r\n<p><span style=\"font-family: 'times new roman', times;\"><span style=\"color: inherit; font-size: 1.56em; font-weight: 600;\">&nbsp;<\/span><span style=\"color: #d26900;\"><b style=\"font-size: 22px;\">Otwarta-przyjazna-kompetentna<\/b><\/span><\/span><\/p>\r\n<p>&nbsp;<\/p>\r\n<\/div>\r\n<p style=\"margin-top: 0px; margin-bottom: 18px; text-align: justify; line-height: 18px; color: #2d0059; font-family: Georgia; widows: 1; text-indent: 3em; background-color: #ffffff;\"><span style=\"color: black; font-family: 'times new roman', times;\"><span style=\"font-size: 16px; color: black;\">Firma powsta\u0142a ju\u017c w 1992 r., zajmuje si\u0119 przede wszystkim aplikowaniem o \u015brodki unijne oraz organizacj\u0105 szkole\u0144, kt\u00f3re s\u0105 adresowane zar\u00f3wno do os\u00f3b pracuj\u0105cych, m\u0142odzie\u017cy, bezrobotnych czy dzieci.<\/span><\/span><\/p>\r\n<p style=\"margin-top: 0px; margin-bottom: 18px; text-align: justify; line-height: 18px; color: #2d0059; font-family: Georgia; widows: 1; background-color: #ffffff;\"><span style=\"color: black; font-family: 'times new roman', times;\"><span style=\"color: black;\"><b style=\"font-size: 16px;\">Nasze najwi\u0119ksze dotychczasowe sukcesy:&nbsp;<\/b><\/span><\/span><\/p>\r\n<p style=\"margin-top: 0px; margin-bottom: 18px; text-align: justify; line-height: 18px; color: #2d0059; font-family: Georgia; widows: 1; background-color: #ffffff;\"><span style=\"color: #000000; line-height: normal; font-size: 16px; font-family: 'times new roman', times;\"><b>1 miejsce na li\u015bcie rankingowej( z 113, 5 pkt.) w ramach konkursu nr 1\/POKL\/9.1.1\/2009 Priorytetu IX Rozw\u00f3j wykszta\u0142cenia i kompetencji w regionach, na kt\u00f3ry zosta\u0142 napisany projekt pt. Edukacja przedszkolna w gminach Bobrowniki, Czernikowo, Wielgie i Zb\u00f3jno. Warto\u015b\u0107 projektu 988539,63 PLN.&nbsp;<\/b><\/span><\/p>\r\n<p style=\"margin-top: 0px; margin-bottom: 18px; text-align: justify; line-height: 18px; color: #2d0059; font-family: Georgia; widows: 1; background-color: #ffffff;\"><span style=\"color: #000000; line-height: normal; font-size: 16px; font-family: 'times new roman', times;\"><b>1 miejsce na li\u015bcie rankingowej(114,5 pkt.) w ramach konkursu nr 5\/6.1.1\/2010 projekt pt. ,,Ja te\u017c chc\u0119 pracowa\u0107 . Warto\u015b\u0107 249 987,80 PLN.&nbsp;<\/b><\/span><\/p>\r\n<p style=\"margin-top: 0px; margin-bottom: 18px; text-align: justify; line-height: 18px; color: #2d0059; font-family: Georgia; widows: 1; background-color: #ffffff;\"><span style=\"color: #000000; line-height: normal; font-size: 16px; font-family: 'times new roman', times;\"><b>&nbsp;1 miejsce na li\u015bcie rankingowej(118,5 pkt.) w ramach konkursu nr 10\/POKL\/9.1.1\/2010 projekt pt. ,,Unijne przedszkolaki z gmin Czernikowo, Kik\u00f3\u0142 i Wielgie\u0094 . Warto\u015b\u0107 projektu 1 712 201,96 PLN.<\/b><\/span><\/p>\r\n<p>&nbsp;<\/p>\r\n<div align=\"center\">&nbsp;<\/div>\r\n<\/div>\r\n<\/div>\r\n<\/div>\r\n<div align=\"center\"><a href=\"https:\/\/bazakonkurencyjnosci.funduszeeuropejskie.gov.pl\/publication\/list\/\"><img loading=\"lazy\" decoding=\"async\" class=\"aligncenter wp-image-2106 size-medium\" src=\"http:\/\/omegakikol.pl\/wp-content\/uploads\/2019\/05\/logo_left-300x74.png\" alt=\"\" width=\"300\" height=\"74\" srcset=\"https:\/\/omegakikol.pl\/wp-content\/uploads\/2019\/05\/logo_left-300x74.png 300w, https:\/\/omegakikol.pl\/wp-content\/uploads\/2019\/05\/logo_left-768x190.png 768w, https:\/\/omegakikol.pl\/wp-content\/uploads\/2019\/05\/logo_left-1024x254.png 1024w, https:\/\/omegakikol.pl\/wp-content\/uploads\/2019\/05\/logo_left.png 1598w\" sizes=\"auto, (max-width: 300px) 100vw, 300px\" \/><\/a><\/div>\r\n<div class=\"art-content-layout layout-item-0\">\r\n<div class=\"art-content-layout-row\">\r\n<div align=\"center\">&nbsp;<\/div>\r\n<div class=\"art-layout-cell layout-item-1\" style=\"width: 75%;\">\r\n<h1>&nbsp;<\/h1>\r\n<p>&nbsp;<\/p>\r\n<p>&nbsp;<\/p>\r\n<\/div>\r\n<\/div>\r\n<\/div>\r\n<\/div><\/div>\r\n","protected":false},"excerpt":{"rendered":"<p>&nbsp; \u201eSzanowni Pa\u0144stwo zapraszamy osoby ch\u0119tne do udzia\u0142u w szkoleniu z zakresu Specjalistycznych Us\u0142ug Opieku\u0144czych (SUO)\u201d Szkolenia SUO odbywaj\u0105 si\u0119 cyklicznie po uzbieraniu grupy 6-8 osobowej. Zapis\u00f3w mo\u017cna dokonywa\u0107 telefonicznie pod numerem telefonu 604 486 117&nbsp;od poniedzia\u0142ku do pi\u0105tku w godzinach 8:00- 15:00&nbsp;&nbsp; Post\u0119powanie o udzielenie zam\u00f3wienia w trybie konkurencyjno\u015bci pt.\u201eZakup i dostawa 80 laptop\u00f3w [&hellip;]<\/p>\n","protected":false},"author":1,"featured_media":0,"parent":0,"menu_order":1,"comment_status":"closed","ping_status":"closed","template":"","meta":{"ngg_post_thumbnail":0,"footnotes":""},"class_list":["post-176","page","type-page","status-publish","hentry"],"_links":{"self":[{"href":"https:\/\/omegakikol.pl\/index.php?rest_route=\/wp\/v2\/pages\/176","targetHints":{"allow":["GET"]}}],"collection":[{"href":"https:\/\/omegakikol.pl\/index.php?rest_route=\/wp\/v2\/pages"}],"about":[{"href":"https:\/\/omegakikol.pl\/index.php?rest_route=\/wp\/v2\/types\/page"}],"author":[{"embeddable":true,"href":"https:\/\/omegakikol.pl\/index.php?rest_route=\/wp\/v2\/users\/1"}],"replies":[{"embeddable":true,"href":"https:\/\/omegakikol.pl\/index.php?rest_route=%2Fwp%2Fv2%2Fcomments&post=176"}],"version-history":[{"count":85,"href":"https:\/\/omegakikol.pl\/index.php?rest_route=\/wp\/v2\/pages\/176\/revisions"}],"predecessor-version":[{"id":3166,"href":"https:\/\/omegakikol.pl\/index.php?rest_route=\/wp\/v2\/pages\/176\/revisions\/3166"}],"wp:attachment":[{"href":"https:\/\/omegakikol.pl\/index.php?rest_route=%2Fwp%2Fv2%2Fmedia&parent=176"}],"curies":[{"name":"wp","href":"https:\/\/api.w.org\/{rel}","templated":true}]}}