{"id":1788,"date":"2018-09-11T21:06:41","date_gmt":"2018-09-11T19:06:41","guid":{"rendered":"http:\/\/omegakikol.pl\/?page_id=1788"},"modified":"2018-09-12T11:36:41","modified_gmt":"2018-09-12T09:36:41","slug":"mlodzi-z-powiatu-lipnowskiego-aktywni-na-ryku-pracy","status":"publish","type":"page","link":"https:\/\/omegakikol.pl\/?page_id=1788","title":{"rendered":"\u201eM\u0142odzi z powiatu lipnowskiego aktywni na ryku pracy\u201d"},"content":{"rendered":"<h4><span style=\"color: #000000;\"><img loading=\"lazy\" decoding=\"async\" class=\" wp-image-1522 aligncenter\" src=\"http:\/\/omegakikol.pl\/wp-content\/uploads\/2018\/04\/unia-fundusze-1024x130.jpg\" alt=\"\" width=\"818\" height=\"104\" srcset=\"https:\/\/omegakikol.pl\/wp-content\/uploads\/2018\/04\/unia-fundusze-1024x130.jpg 1024w, https:\/\/omegakikol.pl\/wp-content\/uploads\/2018\/04\/unia-fundusze-300x38.jpg 300w, https:\/\/omegakikol.pl\/wp-content\/uploads\/2018\/04\/unia-fundusze-768x98.jpg 768w, https:\/\/omegakikol.pl\/wp-content\/uploads\/2018\/04\/unia-fundusze.jpg 1070w\" sizes=\"auto, (max-width: 818px) 100vw, 818px\" \/><\/span><\/h4>\n<h3 style=\"text-align: center;\"><span style=\"color: #000000;\"><b><i>RYNEK PRACY OTWARTY DLA WSZYSTKICH<br \/>\n\u201eM\u0142odzi z powiatu lipnowskiego aktywni na rynku pracy\u201d<\/i><\/b><\/span><\/h3>\n<h4>&nbsp;<\/h4>\n<h4><span style=\"color: #000000;\">Warto\u015b\u0107 projektu 456 250 49 PLN<\/span><\/h4>\n<h4><span style=\"color: #000000;\">Jest to projekt realizowany w ramach Programu Operacyjnego Kapita\u0142 Ludzki, Priorytet VI. Rynek pracy otwarty dla wszystkich, Dzia\u0142anie 6.1. Poprawa dost\u0119pu do zatrudnienia oraz wspieranie aktywno\u015bci zawodowej w regionie, Poddzia\u0142anie 6.1.1. Wsparcie os\u00f3b pozostaj\u0105cych bez zatrudnienia na regionalnym rynku pracy. Okres realizacji od 01.03.2014r. do 31.12.2014r.<\/span><\/h4>\n<h4><span style=\"color: #000000;\">Celem g\u0142\u00f3wnym jest wyposa\u017cenie 40 BO (18K i 22 M) pozostaj\u0105cych bez zatrudnienia, w tym bezrobotnych w wieku 15-30 lat, zamieszkuj\u0105cych powiat lipnowski w nowe kwalifikacje zawodowe poprzez warsztaty aktywizuj\u0105ce, kursy zawodowe, doradztwo zawodowe +IPD i sta\u017ce oraz u\u0142atwienie ich adaptacji na rynku pracy zmierzaj\u0105cej docelowo do znalezienia zatrudnienia, z czego 50% to osoby do 12 miesi\u0119cy od uko\u0144czenia nauki.<\/span><\/h4>\n<h4><span style=\"color: #000000;\">Grup\u0119 docelow\u0105 stanowi\u0107 b\u0119d\u0105 osoby bezrobotne i nieaktywne zawodowo zamieszkuj\u0105ce w powiecie lipnowskim w 100% w wieku 15-30 lat na rynku pracy, w tym 50% to osoby w okresie do 12 miesi\u0119cy od dnia okre\u015blonego w dypl.\/\u015bwiad.\/innym dok. uko\u0144czenia szko\u0142y.<\/span><\/h4>\n<h4><span style=\"color: #000000;\">W ramach projektu realizowane b\u0119d\u0105 kursy:<\/span><\/h4>\n<h4><span style=\"color: #000000;\">\u2013 prawo jazdy kategorii C+ kwalifikacja wst\u0119pna +CE ,,zawodowy kierowca\u0094 (wymagane prawo jazdy kat. B)<\/span><\/h4>\n<h4><span style=\"color: #000000;\">\u2013 opiekun\/ka dzieci(wymagane wykszta\u0142cenie minimum \u015brednie)<\/span><\/h4>\n<h4><span style=\"color: #000000;\">\u2013 kursu operator maszyn ci\u0119\u017ckich(koparka lub \u0142adowarka lub spycharka) (wymagane prawo jazdy kat. B)<\/span><\/h4>\n<h4><span style=\"color: #000000;\">\u2013 przedstawiciel handlowy(wymagane wykszta\u0142cenie minimum \u015brednie)<\/span><\/h4>\n<h4><span style=\"color: #000000;\">Uczestnicy wszystkich kurs\u00f3w b\u0119d\u0105 bra\u0107 udzia\u0142 w warsztatach z technik aktywnego poszukiwania pracy motywacyjno-interpersonalne. B\u0119d\u0105 tak\u017ce bra\u0107 udzia\u0142 w spotkaniach z doradc\u0105 zawodowym, tworzeniu IPD.<\/span><\/h4>\n<h4><span style=\"color: #000000;\">Projekt wsp\u00f3\u0142finansowany ze \u015brodk\u00f3w Unii Europejskiej w ramach Europejskiego Funduszu Spo\u0142ecznego<\/span><\/h4>\n<h4 align=\"center\"><span style=\"color: #000000;\"><a style=\"color: #000000;\" title=\"50 plus\" href=\"http:\/\/30.omegakikol.pl\/\">Strona projektu<\/a><\/span><\/h4>\n","protected":false},"excerpt":{"rendered":"<p>RYNEK PRACY OTWARTY DLA WSZYSTKICH \u201eM\u0142odzi z powiatu lipnowskiego aktywni na rynku pracy\u201d &nbsp; Warto\u015b\u0107 projektu 456 250 49 PLN Jest to projekt realizowany w ramach Programu Operacyjnego Kapita\u0142 Ludzki, Priorytet VI. Rynek pracy otwarty dla wszystkich, Dzia\u0142anie 6.1. Poprawa dost\u0119pu do zatrudnienia oraz wspieranie aktywno\u015bci zawodowej w regionie, Poddzia\u0142anie 6.1.1. Wsparcie os\u00f3b pozostaj\u0105cych bez [&hellip;]<\/p>\n","protected":false},"author":1,"featured_media":0,"parent":0,"menu_order":0,"comment_status":"closed","ping_status":"closed","template":"","meta":{"ngg_post_thumbnail":0,"footnotes":""},"class_list":["post-1788","page","type-page","status-publish","hentry"],"_links":{"self":[{"href":"https:\/\/omegakikol.pl\/index.php?rest_route=\/wp\/v2\/pages\/1788","targetHints":{"allow":["GET"]}}],"collection":[{"href":"https:\/\/omegakikol.pl\/index.php?rest_route=\/wp\/v2\/pages"}],"about":[{"href":"https:\/\/omegakikol.pl\/index.php?rest_route=\/wp\/v2\/types\/page"}],"author":[{"embeddable":true,"href":"https:\/\/omegakikol.pl\/index.php?rest_route=\/wp\/v2\/users\/1"}],"replies":[{"embeddable":true,"href":"https:\/\/omegakikol.pl\/index.php?rest_route=%2Fwp%2Fv2%2Fcomments&post=1788"}],"version-history":[{"count":2,"href":"https:\/\/omegakikol.pl\/index.php?rest_route=\/wp\/v2\/pages\/1788\/revisions"}],"predecessor-version":[{"id":1860,"href":"https:\/\/omegakikol.pl\/index.php?rest_route=\/wp\/v2\/pages\/1788\/revisions\/1860"}],"wp:attachment":[{"href":"https:\/\/omegakikol.pl\/index.php?rest_route=%2Fwp%2Fv2%2Fmedia&parent=1788"}],"curies":[{"name":"wp","href":"https:\/\/api.w.org\/{rel}","templated":true}]}}