{"id":1794,"date":"2018-09-11T21:07:19","date_gmt":"2018-09-11T19:07:19","guid":{"rendered":"http:\/\/omegakikol.pl\/?page_id=1794"},"modified":"2018-09-12T11:20:22","modified_gmt":"2018-09-12T09:20:22","slug":"dzialamy-lokalnie-wybierz-zawod-dla-siebie","status":"publish","type":"page","link":"https:\/\/omegakikol.pl\/?page_id=1794","title":{"rendered":"\u201eDzia\u0142amy lokalnie-wybierz zaw\u00f3d dla siebie\u201d"},"content":{"rendered":"<h4><span style=\"color: #000000;\"><img loading=\"lazy\" decoding=\"async\" class=\"wp-image-1522 aligncenter\" src=\"http:\/\/omegakikol.pl\/wp-content\/uploads\/2018\/04\/unia-fundusze-1024x130.jpg\" alt=\"\" width=\"780\" height=\"99\" srcset=\"https:\/\/omegakikol.pl\/wp-content\/uploads\/2018\/04\/unia-fundusze-1024x130.jpg 1024w, https:\/\/omegakikol.pl\/wp-content\/uploads\/2018\/04\/unia-fundusze-300x38.jpg 300w, https:\/\/omegakikol.pl\/wp-content\/uploads\/2018\/04\/unia-fundusze-768x98.jpg 768w, https:\/\/omegakikol.pl\/wp-content\/uploads\/2018\/04\/unia-fundusze.jpg 1070w\" sizes=\"auto, (max-width: 780px) 100vw, 780px\" \/><\/span><\/h4>\n<h4 style=\"text-align: center;\"><span style=\"color: #000000;\"><b><i>Dzia\u0142amy lokalnie- wybierz zaw\u00f3d dla siebie<\/i><\/b><\/span><\/h4>\n<h4 style=\"text-align: center;\">&nbsp;<\/h4>\n<h4 style=\"text-align: center;\"><span style=\"color: #000000;\">Cz\u0142owiek- najlepsza inwestycja<\/span><\/h4>\n<h4>&nbsp;<\/h4>\n<h4><span style=\"color: #000000;\">Od 1 kwietnia 2012 PANACEUM-OMEGA M.J.WYBORSKA rozpoczyna realizacj\u0119 projektu ,,Dzia\u0142amy lokalnie \u0096 wybierz zaw\u00f3d dla siebie \u0094 w ramach&nbsp;<b>Dzia\u0142ania 6.3 Inicjatywy lokalne na rzecz podnoszenia poziomu aktywno\u015bci zawodowej na obszarach wiejskich<\/b>. Projekt obejmowa\u0142 b\u0119dzie swoim zasi\u0119giem powiat lipnowski oraz gmin\u0119 Czernikowo. Odbiorcami b\u0119d\u0105&nbsp;<b>bezrobotni i nieaktywni zawodowo mieszka\u0144cy powiatu lipnowskiego oraz gminy Czernikowo w wieku 15-64.<\/b><\/span><br \/>\n<span style=\"color: #000000;\">Pierwsze\u0144stwo b\u0119d\u0105 mia\u0142y osoby niepe\u0142nosprawne, d\u0142ugotrwale bezrobotne, w wieku 50-64 lata.<\/span><\/h4>\n<h4><span style=\"color: #000000;\">Termin realizacji od&nbsp;<b>01.04.2012 do 31.07.2012<\/b>.<\/span><br \/>\n<span style=\"color: #000000;\">Oferta przygotowana w spos\u00f3b kompleksowy. Uwzgl\u0119dnia lokalne problemy, zapotrzebowanie oraz mo\u017cliwo\u015bci i predyspozycje potencjalnych uczestnik\u00f3w.<\/span><\/h4>\n<h4><span style=\"color: #000000;\"><b>KURSY S\u0104 CA\u0141KOWICIE BEZP\u0141ATNE.<\/b><\/span><\/h4>\n<ul>\n<li>\n<h4><span style=\"color: #000000;\"><b>Kurs operator koparki \/ operator walca<\/b>&nbsp;( warunek uko\u0144czony kurs operator koparko-\u0142adowarki)<\/span><\/h4>\n<\/li>\n<li>\n<h4><span style=\"color: #000000;\"><b>Kurs opiekun\/ka dzieci<\/b><\/span><\/h4>\n<\/li>\n<\/ul>\n<h4>&nbsp;<\/h4>\n<h4><span style=\"color: #000000;\">Uczestnicy obj\u0119ci b\u0119d\u0105 wsparciem na zaj\u0119ciach motywacyjno-interpersonalnych, warsztatach z r\u00f3wno\u015bci szans oraz na indywidualnych zaj\u0119ciach z doradc\u0105 zawodowym. Otrzymaj\u0105 materia\u0142y szkoleniowe, catering.<\/span><\/h4>\n<h4><span style=\"color: #000000;\">Projekt wsp\u00f3\u0142finansowany przez Uni\u0119 Europejsk\u0105 w ramach Europejskiego Funduszu Spo\u0142ecznego<\/span><\/h4>\n","protected":false},"excerpt":{"rendered":"<p>Dzia\u0142amy lokalnie- wybierz zaw\u00f3d dla siebie &nbsp; Cz\u0142owiek- najlepsza inwestycja &nbsp; Od 1 kwietnia 2012 PANACEUM-OMEGA M.J.WYBORSKA rozpoczyna realizacj\u0119 projektu ,,Dzia\u0142amy lokalnie \u0096 wybierz zaw\u00f3d dla siebie \u0094 w ramach&nbsp;Dzia\u0142ania 6.3 Inicjatywy lokalne na rzecz podnoszenia poziomu aktywno\u015bci zawodowej na obszarach wiejskich. Projekt obejmowa\u0142 b\u0119dzie swoim zasi\u0119giem powiat lipnowski oraz gmin\u0119 Czernikowo. Odbiorcami b\u0119d\u0105&nbsp;bezrobotni i [&hellip;]<\/p>\n","protected":false},"author":1,"featured_media":0,"parent":0,"menu_order":0,"comment_status":"closed","ping_status":"closed","template":"","meta":{"ngg_post_thumbnail":0,"footnotes":""},"class_list":["post-1794","page","type-page","status-publish","hentry"],"_links":{"self":[{"href":"https:\/\/omegakikol.pl\/index.php?rest_route=\/wp\/v2\/pages\/1794","targetHints":{"allow":["GET"]}}],"collection":[{"href":"https:\/\/omegakikol.pl\/index.php?rest_route=\/wp\/v2\/pages"}],"about":[{"href":"https:\/\/omegakikol.pl\/index.php?rest_route=\/wp\/v2\/types\/page"}],"author":[{"embeddable":true,"href":"https:\/\/omegakikol.pl\/index.php?rest_route=\/wp\/v2\/users\/1"}],"replies":[{"embeddable":true,"href":"https:\/\/omegakikol.pl\/index.php?rest_route=%2Fwp%2Fv2%2Fcomments&post=1794"}],"version-history":[{"count":2,"href":"https:\/\/omegakikol.pl\/index.php?rest_route=\/wp\/v2\/pages\/1794\/revisions"}],"predecessor-version":[{"id":1844,"href":"https:\/\/omegakikol.pl\/index.php?rest_route=\/wp\/v2\/pages\/1794\/revisions\/1844"}],"wp:attachment":[{"href":"https:\/\/omegakikol.pl\/index.php?rest_route=%2Fwp%2Fv2%2Fmedia&parent=1794"}],"curies":[{"name":"wp","href":"https:\/\/api.w.org\/{rel}","templated":true}]}}