{"id":1804,"date":"2018-09-11T21:08:20","date_gmt":"2018-09-11T19:08:20","guid":{"rendered":"http:\/\/omegakikol.pl\/?page_id=1804"},"modified":"2018-09-12T11:21:20","modified_gmt":"2018-09-12T09:21:20","slug":"edukacja-przedszkolna-w-gminach-bobrowniki-czernikowo-wielgie-i-zbojno","status":"publish","type":"page","link":"https:\/\/omegakikol.pl\/?page_id=1804","title":{"rendered":"\u201eEdukacja przedszkolna w gminach Bobrowniki, Czernikowo, Wielgie i Zb\u00f3jno\u201d"},"content":{"rendered":"<h4><span style=\"color: #000000;\"><img loading=\"lazy\" decoding=\"async\" class=\" wp-image-1522 aligncenter\" src=\"http:\/\/omegakikol.pl\/wp-content\/uploads\/2018\/04\/unia-fundusze-1024x130.jpg\" alt=\"\" width=\"779\" height=\"99\" srcset=\"https:\/\/omegakikol.pl\/wp-content\/uploads\/2018\/04\/unia-fundusze-1024x130.jpg 1024w, https:\/\/omegakikol.pl\/wp-content\/uploads\/2018\/04\/unia-fundusze-300x38.jpg 300w, https:\/\/omegakikol.pl\/wp-content\/uploads\/2018\/04\/unia-fundusze-768x98.jpg 768w, https:\/\/omegakikol.pl\/wp-content\/uploads\/2018\/04\/unia-fundusze.jpg 1070w\" sizes=\"auto, (max-width: 779px) 100vw, 779px\" \/><\/span><\/h4>\n<h4 style=\"text-align: center;\"><span style=\"color: #000000;\"><b>Projekt&nbsp;<i>\u201eEdukacja przedszkolna w gminach Bobrowniki, Czernikowo, Wielgie i Zb\u00f3jno\u201d<\/i><\/b><\/span><\/h4>\n<h4>&nbsp;<\/h4>\n<h4><span style=\"color: #000000;\">Od 01.09.2009r. do 31.07.2012r. realizowany jest rojekt partnerski w ramach Programu Operacyjnego Kapita\u0142 Ludzki Priorytet IX Rozw\u00f3j wykszta\u0142cenia i kompetencji w regionach Dzia\u0142anie 9.1. Poddzia\u0142anie 9.1.1 Zmniejszanie nier\u00f3wno\u015bci w stopniu upowszechnienia edukacji przedszkolnej. Projekt wsp\u00f3\u0142finansowany jest ze \u015brodk\u00f3w Unii Europejskiej w ramach Europejskiego Funduszu Spo\u0142ecznego.<a style=\"color: #000000;\" title=\"link do strony\" href=\"http:\/\/przedszkola.omegakikol.pl\/\">www.przedszkola.omegakikol.pl<\/a><\/span><\/h4>\n<h4><span style=\"color: #000000;\">Edukacja najm\u0142odszych powinna w \u0142agodny spos\u00f3b \u0142\u0105czy\u0107 zabaw\u0119 z nauk\u0105. Dlatego te\u017c taki cel b\u0119dzie przy\u015bwieca\u0142 utworzonym na terenie wymienionych gmin Punktom Przedszkolnym adresowanym do dzieci 3, 4, 5 \u2013 letnich.<\/span><\/h4>\n<h4><span style=\"color: #000000;\">Plac\u00f3wki znajduj\u0105 si\u0119 w Czernikowie, Os\u00f3wce( 2 grupy), Klonowie, Wielgiem. Punkty Przedszkolne s\u0105 czynne od poniedzia\u0142ku do pi\u0105tku- 4 godziny dziennie. Utworzone zosta\u0142y grupy 12 osobowe. Dla dzieci prowadzone s\u0105 tak\u017ce dodatkowe zaj\u0119cia z j\u0119zyka angielskiego i rytmiki. Dzieci i rodzice korzystaj\u0105 z porad psychologa.<\/span><\/h4>\n<h4><span style=\"color: #000000;\">Ponadto istniej\u0105ce przedszkola w Rachcinie, Bobrownikach, Czernikowie, Zb\u00f3jnie i Dzia\u0142yniu otrzymali wsparcie polegaj\u0105ce na:<\/span><\/h4>\n<h4><span style=\"color: #000000;\">\u2013 dodatkowych zaj\u0119ciach z rytmiki i j\u0119zyka angielskiego,<\/span><br \/>\n<span style=\"color: #000000;\">\u2013 wyd\u0142u\u017ceniu czasu pracy o 1 godzin\u0119 dziennie;<\/span><br \/>\n<span style=\"color: #000000;\">\u2013 mo\u017cliwo\u015bci konsultacji z psychologiem.<\/span><\/h4>\n","protected":false},"excerpt":{"rendered":"<p>Projekt&nbsp;\u201eEdukacja przedszkolna w gminach Bobrowniki, Czernikowo, Wielgie i Zb\u00f3jno\u201d &nbsp; Od 01.09.2009r. do 31.07.2012r. realizowany jest rojekt partnerski w ramach Programu Operacyjnego Kapita\u0142 Ludzki Priorytet IX Rozw\u00f3j wykszta\u0142cenia i kompetencji w regionach Dzia\u0142anie 9.1. Poddzia\u0142anie 9.1.1 Zmniejszanie nier\u00f3wno\u015bci w stopniu upowszechnienia edukacji przedszkolnej. Projekt wsp\u00f3\u0142finansowany jest ze \u015brodk\u00f3w Unii Europejskiej w ramach Europejskiego Funduszu Spo\u0142ecznego.www.przedszkola.omegakikol.pl [&hellip;]<\/p>\n","protected":false},"author":1,"featured_media":0,"parent":0,"menu_order":0,"comment_status":"closed","ping_status":"closed","template":"","meta":{"ngg_post_thumbnail":0,"footnotes":""},"class_list":["post-1804","page","type-page","status-publish","hentry"],"_links":{"self":[{"href":"https:\/\/omegakikol.pl\/index.php?rest_route=\/wp\/v2\/pages\/1804","targetHints":{"allow":["GET"]}}],"collection":[{"href":"https:\/\/omegakikol.pl\/index.php?rest_route=\/wp\/v2\/pages"}],"about":[{"href":"https:\/\/omegakikol.pl\/index.php?rest_route=\/wp\/v2\/types\/page"}],"author":[{"embeddable":true,"href":"https:\/\/omegakikol.pl\/index.php?rest_route=\/wp\/v2\/users\/1"}],"replies":[{"embeddable":true,"href":"https:\/\/omegakikol.pl\/index.php?rest_route=%2Fwp%2Fv2%2Fcomments&post=1804"}],"version-history":[{"count":2,"href":"https:\/\/omegakikol.pl\/index.php?rest_route=\/wp\/v2\/pages\/1804\/revisions"}],"predecessor-version":[{"id":1845,"href":"https:\/\/omegakikol.pl\/index.php?rest_route=\/wp\/v2\/pages\/1804\/revisions\/1845"}],"wp:attachment":[{"href":"https:\/\/omegakikol.pl\/index.php?rest_route=%2Fwp%2Fv2%2Fmedia&parent=1804"}],"curies":[{"name":"wp","href":"https:\/\/api.w.org\/{rel}","templated":true}]}}