{"id":1808,"date":"2018-09-11T21:08:43","date_gmt":"2018-09-11T19:08:43","guid":{"rendered":"http:\/\/omegakikol.pl\/?page_id=1808"},"modified":"2018-09-12T11:39:48","modified_gmt":"2018-09-12T09:39:48","slug":"w-chemiku-masz-latwiejszy-start-w-dorosle-zycie","status":"publish","type":"page","link":"https:\/\/omegakikol.pl\/?page_id=1808","title":{"rendered":"\u201eW \u201eChemiku\u201d masz \u0142atwiejszy start w doros\u0142e \u017cycie\u201d"},"content":{"rendered":"<h4><span style=\"color: #000000;\"><img loading=\"lazy\" decoding=\"async\" class=\"wp-image-1522 aligncenter\" src=\"http:\/\/omegakikol.pl\/wp-content\/uploads\/2018\/04\/unia-fundusze-1024x130.jpg\" alt=\"\" width=\"819\" height=\"104\" srcset=\"https:\/\/omegakikol.pl\/wp-content\/uploads\/2018\/04\/unia-fundusze-1024x130.jpg 1024w, https:\/\/omegakikol.pl\/wp-content\/uploads\/2018\/04\/unia-fundusze-300x38.jpg 300w, https:\/\/omegakikol.pl\/wp-content\/uploads\/2018\/04\/unia-fundusze-768x98.jpg 768w, https:\/\/omegakikol.pl\/wp-content\/uploads\/2018\/04\/unia-fundusze.jpg 1070w\" sizes=\"auto, (max-width: 819px) 100vw, 819px\" \/><\/span><\/h4>\n<h3 style=\"text-align: center;\"><span style=\"color: #000000;\"><b>Projekt&nbsp;<i>\u201eW \u201eChemiku\u201d masz \u0142atwiejszy start w doros\u0142e \u017cycie!\u201d<\/i><\/b><\/span><\/h3>\n<h4><span style=\"color: #000000;\">Od 01.01.2009r. do 31.05.2011r. realizowany zosta\u0142 przez Zesp\u00f3\u0142 Szk\u00f3\u0142 Chemicznych (ZSCh) we W\u0142oc\u0142awku w partnerstwie z firm\u0105 \u201d Omega \u201d \u2013 Firma Szkoleniowa Maria Jolanta Wyborska projekt pod nazw\u0105&nbsp;<b>\u201eW \u201d Chemiku \u201d masz \u0142atwiejszy start w doros\u0142e \u017cycie!\u201d<\/b>.<\/span><\/h4>\n<h4><span style=\"color: #000000;\"><b>Cel og\u00f3lny:<\/b><\/span><\/h4>\n<h4><span style=\"color: #000000;\">Celem og\u00f3lnym jest wzrost zatrudnienia i mobilno\u015bci zawodowej absolwent\u00f3w ZSCh we W\u0142oc\u0142awku.<\/span><\/h4>\n<h4><span style=\"color: #000000;\"><b>Cel ten zostanie osi\u0105gni\u0119ty poprzez realizacj\u0119 nast\u0119puj\u0105cych cel\u00f3w szczeg\u00f3\u0142owych:<\/b><\/span><br \/>\n<span style=\"color: #000000;\">1. Rozszerzenie programu rozwoju szko\u0142y o ofert\u0119 edukacyjn\u0105 w zakresie efektywnej nauki j\u0119zyk\u00f3w obcych, warsztaty z przedmiot\u00f3w zawodowych, doradztwo zawodowe i psychologiczne oraz zaj\u0119cia wyr\u00f3wnawcze przygotowuj\u0105ce do egzamin\u00f3w zawodowych.<\/span><br \/>\n<span style=\"color: #000000;\">2. Wyr\u00f3wnanie poziomu wykszta\u0142cenia uczni\u00f3w ZSCh we W\u0142oc\u0142awku pochodz\u0105cych z miasta i ze wsi.<\/span><br \/>\n<span style=\"color: #000000;\">3. Wyposa\u017cenie uczni\u00f3w ZSCh w kompetencje kluczowe (cykl zaj\u0119\u0107 j\u0119zykowych, informatycznych, matematycznych i przedsi\u0119biorczo\u015bci.)<\/span><br \/>\n<span style=\"color: #000000;\">4. Przygotowanie uczni\u00f3w do funkcjonowanie na rynku pracy i poszukiwania zatrudnienia w swoim zawodzie (porady u doradcy zawodowego, zacie\u015bnienie kontakt\u00f3w z potencjalnymi pracodawcami, kt\u00f3rzy zaproszeni zostan\u0105 do udzia\u0142u w spotkaniach z m\u0142odzie\u017c\u0105 i konferencji podsumowuj\u0105cej projekt).<\/span><br \/>\n<span style=\"color: #000000;\">5. Przeciwdzia\u0142anie uzale\u017cnieniom i agresji (porady psychologa).<\/span><\/h4>\n<h4><span style=\"color: #000000;\">Wszystkie zaj\u0119cia przewidziane w projekcie oraz stworzenie przez nauczycieli, zatrudnionych w Projekcje program\u00f3w autorskich przyczyni\u0105 si\u0119 do rozszerzenia Programu Rozwoju Szko\u0142y na lata 2009-2011.<\/span><\/h4>\n<h4><span style=\"color: #000000;\"><b>Grup\u0119 docelow\u0105 projektu stanowi 965 uczni\u00f3w (w przeci\u0105gu 3 lat), w tym:<\/b><\/span><\/h4>\n<h4><span style=\"color: #000000;\">\u2013 195 uczni\u00f3w klas IV, III technikum i I kl. ZSZ skorzysta z dodatkowych zaj\u0119\u0107 z j\u0119zyk\u00f3w obcych ze szczeg\u00f3lnym naciskiem na nauczane fachowego s\u0142ownictwa,<\/span><br \/>\n<span style=\"color: #000000;\">\u2013 270 uczni\u00f3w kl. IV, III \u2013 warsztaty przedmiot\u00f3w zawodowych (umiej\u0119tno\u015bci program\u00f3w komputerowych u\u017cywanych w gastronomii i hotelarstwie i gastronomii, przedsi\u0119biorczo\u015b\u0107, diety \u017cywieniowe, chemia w \u017cywieniu, wykorzystanie matematyki w przedmiotach zawodowych, podstawa ekologiczna w \u015brodowisku),<\/span><br \/>\n<span style=\"color: #000000;\">\u2013 60 uczni\u00f3w klas II i III ZSZ skorzysta z zaj\u0119\u0107 wyr\u00f3wnawczych przygotowuj\u0105cych do egzaminu zawodowego,<\/span><br \/>\n<span style=\"color: #000000;\">\u2013 440 uczni\u00f3w skorzysta z indywidualnych porad doradcy zawodowego (kszta\u0142towanie umiej\u0119tno\u015bci \u015bwiadomego wyboru i poszukiwania pracy) i psychologa (przeciwdzia\u0142anie uzale\u017cnieniom i agresji).<\/span><\/h4>\n<h4><span style=\"color: #000000;\"><b>Rekrutacja<\/b><\/span><\/h4>\n<h4><span style=\"color: #000000;\">W ca\u0142ym procesie rekrutacji zachowane zostan\u0105 zasady polityki r\u00f3wnych szans, w tym r\u00f3wno\u015bci p\u0142ci. Uczniowie kwalifikowani b\u0119d\u0105 do projektu ze wzgl\u0119du na kolejno\u015b\u0107 zg\u0142osze\u0144. Wnioskodawca przewiduje utworzenie grupy rezerwowej.<\/span><br \/>\n<span style=\"color: #000000;\">Rekrutacja przeprowadzona zostanie (stycze\u0144 2009, wrzesie\u0144 2009, stycze\u0144 2010, wrzesie\u0144 2010, stycze\u0144 2011) w sali gimnastycznej ZSCh z udzia\u0142em psychologa i doradcy zawodowego.<\/span><\/h4>\n<h4><span style=\"color: #000000;\"><b>Zaj\u0119cia<\/b><\/span><\/h4>\n<h4><span style=\"color: #000000;\">W pierwszym roku zaj\u0119cia rozpoczn\u0105 si\u0119 w styczniu 2009 i zako\u0144cz\u0105 w kwietniu 2009 (nauczyciele tworz\u0105c autorskie programy, b\u0119d\u0105 zamyka\u0107 je w cykle edukacyjne, ka\u017cde p\u00f3\u0142rocze to jeden cykl).<\/span><br \/>\n<span style=\"color: #000000;\">Zaj\u0119cia odbywa\u0107 si\u0119 b\u0119d\u0105 popo\u0142udniami, bezpo\u015brednio po zako\u0144czeniu zaj\u0119\u0107 realizowanych w obr\u0119bie formalnego programu nauczania.<\/span><br \/>\n<span style=\"color: #000000;\">Ponadto dla uczni\u00f3w bior\u0105cych udzia\u0142 w projekcie przewidziano catering. Zakupionych zastanie r\u00f3wnie\u017c 6 laptop\u00f3w i 6 projektor\u00f3w, kt\u00f3re s\u0105 niezb\u0119dne dla sprawnego przeprowadzenia zaj\u0119\u0107, poniewa\u017c wi\u0119kszo\u015b\u0107 zaj\u0119\u0107 odbywa\u0107 si\u0119 b\u0119dzie w formie prezentacji multimedialnych.<\/span><br \/>\n<span style=\"color: #000000;\">Na potrzeby projektu zakupiona zostanie r\u00f3wnie\u017c kserokopiarka oraz programy komputerowe \u201eeye.hotel\u201d i \u201eWikt Pro 1.2\u201d.<\/span><br \/>\n<span style=\"color: #000000;\">Raz w miesi\u0105cu odbywa\u0107 si\u0119 b\u0119d\u0105 spotkania m\u0142odzie\u017cy z pracodawcami na temat: \u201eCzego oczekuje wsp\u00f3\u0142czesny pracodawca od pracownika?\u201d.<\/span><\/h4>\n<h4>&nbsp;<\/h4>\n","protected":false},"excerpt":{"rendered":"<p>Projekt&nbsp;\u201eW \u201eChemiku\u201d masz \u0142atwiejszy start w doros\u0142e \u017cycie!\u201d Od 01.01.2009r. do 31.05.2011r. realizowany zosta\u0142 przez Zesp\u00f3\u0142 Szk\u00f3\u0142 Chemicznych (ZSCh) we W\u0142oc\u0142awku w partnerstwie z firm\u0105 \u201d Omega \u201d \u2013 Firma Szkoleniowa Maria Jolanta Wyborska projekt pod nazw\u0105&nbsp;\u201eW \u201d Chemiku \u201d masz \u0142atwiejszy start w doros\u0142e \u017cycie!\u201d. Cel og\u00f3lny: Celem og\u00f3lnym jest wzrost zatrudnienia i mobilno\u015bci [&hellip;]<\/p>\n","protected":false},"author":1,"featured_media":0,"parent":0,"menu_order":0,"comment_status":"closed","ping_status":"closed","template":"","meta":{"ngg_post_thumbnail":0,"footnotes":""},"class_list":["post-1808","page","type-page","status-publish","hentry"],"_links":{"self":[{"href":"https:\/\/omegakikol.pl\/index.php?rest_route=\/wp\/v2\/pages\/1808","targetHints":{"allow":["GET"]}}],"collection":[{"href":"https:\/\/omegakikol.pl\/index.php?rest_route=\/wp\/v2\/pages"}],"about":[{"href":"https:\/\/omegakikol.pl\/index.php?rest_route=\/wp\/v2\/types\/page"}],"author":[{"embeddable":true,"href":"https:\/\/omegakikol.pl\/index.php?rest_route=\/wp\/v2\/users\/1"}],"replies":[{"embeddable":true,"href":"https:\/\/omegakikol.pl\/index.php?rest_route=%2Fwp%2Fv2%2Fcomments&post=1808"}],"version-history":[{"count":3,"href":"https:\/\/omegakikol.pl\/index.php?rest_route=\/wp\/v2\/pages\/1808\/revisions"}],"predecessor-version":[{"id":1863,"href":"https:\/\/omegakikol.pl\/index.php?rest_route=\/wp\/v2\/pages\/1808\/revisions\/1863"}],"wp:attachment":[{"href":"https:\/\/omegakikol.pl\/index.php?rest_route=%2Fwp%2Fv2%2Fmedia&parent=1808"}],"curies":[{"name":"wp","href":"https:\/\/api.w.org\/{rel}","templated":true}]}}