{"id":1938,"date":"2018-12-14T23:28:55","date_gmt":"2018-12-14T22:28:55","guid":{"rendered":"http:\/\/omegakikol.pl\/?page_id=1938"},"modified":"2018-12-14T23:33:28","modified_gmt":"2018-12-14T22:33:28","slug":"powiat-lipnowski-aktywny-na-rynku-pracy-powtorzmy-to-jeszcze-raz","status":"publish","type":"page","link":"https:\/\/omegakikol.pl\/?page_id=1938","title":{"rendered":"Powiat lipnowski aktywny na rynku pracy &#8211; powt\u00f3rzmy to jeszcze raz"},"content":{"rendered":"\n<figure class=\"wp-block-image\"><img loading=\"lazy\" decoding=\"async\" width=\"1024\" height=\"130\" src=\"http:\/\/omegakikol.pl\/wp-content\/uploads\/2018\/04\/unia-fundusze-1024x130.jpg\" alt=\"\" class=\"wp-image-1522\" srcset=\"https:\/\/omegakikol.pl\/wp-content\/uploads\/2018\/04\/unia-fundusze-1024x130.jpg 1024w, https:\/\/omegakikol.pl\/wp-content\/uploads\/2018\/04\/unia-fundusze-300x38.jpg 300w, https:\/\/omegakikol.pl\/wp-content\/uploads\/2018\/04\/unia-fundusze-768x98.jpg 768w, https:\/\/omegakikol.pl\/wp-content\/uploads\/2018\/04\/unia-fundusze.jpg 1070w\" sizes=\"auto, (max-width: 1024px) 100vw, 1024px\" \/><\/figure>\n\n\n\n<div class=\"wp-block-image\"><figure class=\"aligncenter is-resized\"><img loading=\"lazy\" decoding=\"async\" src=\"http:\/\/omegakikol.pl\/wp-content\/uploads\/2018\/12\/plakat--724x1024.jpg\" alt=\"\" class=\"wp-image-1939\" width=\"681\" height=\"962\" srcset=\"https:\/\/omegakikol.pl\/wp-content\/uploads\/2018\/12\/plakat--724x1024.jpg 724w, https:\/\/omegakikol.pl\/wp-content\/uploads\/2018\/12\/plakat--212x300.jpg 212w, https:\/\/omegakikol.pl\/wp-content\/uploads\/2018\/12\/plakat--768x1086.jpg 768w\" sizes=\"auto, (max-width: 681px) 100vw, 681px\" \/><\/figure><\/div>\n\n\n\n<p style=\"text-align:center\" class=\"has-text-color has-very-dark-gray-color\"><a><strong>\u201ePowiat lipnowski\naktywny na rynku pracy- powt\u00f3rzmy to jeszcze raz\u201d<\/strong><\/a><\/p>\n\n\n\n<p style=\"text-align:center\" class=\"has-text-color has-very-dark-gray-color\"><strong>RPKP.08.02.01-IP.01-04-005\/18<\/strong><\/p>\n\n\n\n<p class=\"has-text-color has-very-dark-gray-color\">Szanowni\nPa\u0144stwo, pragniemy Pa\u0144stwa poinformowa\u0107, i\u017c firma PANACEUM-OMEGA Maria Jolanta\nWyborska og\u0142asza nab\u00f3r os\u00f3b ch\u0119tnych do wzi\u0119cia udzia\u0142 w nowym projekcie pt: <strong>\u201ePowiat lipnowski aktywny na rynku pracy-\npowt\u00f3rzmy to jeszcze raz\u201d<\/strong>. Projekt skierowany jest do 30 os\u00f3b biernych\nzawodowo (18K i 12m) zamieszka\u0142ych powiat lipnowski woj. kujawsko-pomorskiego w\nwieku 29 lat i wi\u0119cej poprzez indywidualn\u0105 i kompleksow\u0105 aktywizacj\u0119 zawodow\u0105\noraz 6 miesi\u0119czne sta\u017ce zawodowe w terminie do 31.08.2019r.<\/p>\n\n\n\n<p class=\"has-text-color has-very-dark-gray-color\">Osoby ch\u0119tne pragn\u0105ce\nwzi\u0105\u0107 udzia\u0142 w projekcie, proszone s\u0105 o wype\u0142nienie odpowiednich dokument\u00f3w\nrekrutacyjnych (znajduj\u0105cych si\u0119 w zak\u0142adce dokumenty do pobrania) oraz\ndostarczenie ich osobi\u015bcie, poczt\u0105 elektroniczn\u0105 lub za po\u015brednictwem poczty &nbsp;tradycyjnej na adres biura: PANACEUM-OMEGA\nMaria Jolanta Wyborska ul. Kwiatowa 17a; 87-640 Czernikowo w terminie do 31\nstycznia 2019r. do godz. 16:00 (decyduje data wp\u0142ywu dokument\u00f3w do siedziby\nbiura firmy).<\/p>\n","protected":false},"excerpt":{"rendered":"<p>\u201ePowiat lipnowski aktywny na rynku pracy- powt\u00f3rzmy to jeszcze raz\u201d RPKP.08.02.01-IP.01-04-005\/18 Szanowni Pa\u0144stwo, pragniemy Pa\u0144stwa poinformowa\u0107, i\u017c firma PANACEUM-OMEGA Maria Jolanta Wyborska og\u0142asza nab\u00f3r os\u00f3b ch\u0119tnych do wzi\u0119cia udzia\u0142 w nowym projekcie pt: \u201ePowiat lipnowski aktywny na rynku pracy- powt\u00f3rzmy to jeszcze raz\u201d. Projekt skierowany jest do 30 os\u00f3b biernych zawodowo (18K i 12m) zamieszka\u0142ych [&hellip;]<\/p>\n","protected":false},"author":1,"featured_media":0,"parent":0,"menu_order":0,"comment_status":"closed","ping_status":"closed","template":"","meta":{"ngg_post_thumbnail":0,"footnotes":""},"class_list":["post-1938","page","type-page","status-publish","hentry"],"_links":{"self":[{"href":"https:\/\/omegakikol.pl\/index.php?rest_route=\/wp\/v2\/pages\/1938","targetHints":{"allow":["GET"]}}],"collection":[{"href":"https:\/\/omegakikol.pl\/index.php?rest_route=\/wp\/v2\/pages"}],"about":[{"href":"https:\/\/omegakikol.pl\/index.php?rest_route=\/wp\/v2\/types\/page"}],"author":[{"embeddable":true,"href":"https:\/\/omegakikol.pl\/index.php?rest_route=\/wp\/v2\/users\/1"}],"replies":[{"embeddable":true,"href":"https:\/\/omegakikol.pl\/index.php?rest_route=%2Fwp%2Fv2%2Fcomments&post=1938"}],"version-history":[{"count":4,"href":"https:\/\/omegakikol.pl\/index.php?rest_route=\/wp\/v2\/pages\/1938\/revisions"}],"predecessor-version":[{"id":1944,"href":"https:\/\/omegakikol.pl\/index.php?rest_route=\/wp\/v2\/pages\/1938\/revisions\/1944"}],"wp:attachment":[{"href":"https:\/\/omegakikol.pl\/index.php?rest_route=%2Fwp%2Fv2%2Fmedia&parent=1938"}],"curies":[{"name":"wp","href":"https:\/\/api.w.org\/{rel}","templated":true}]}}