{"id":2163,"date":"2019-06-18T16:28:36","date_gmt":"2019-06-18T14:28:36","guid":{"rendered":"http:\/\/omegakikol.pl\/?page_id=2163"},"modified":"2019-06-18T17:03:07","modified_gmt":"2019-06-18T15:03:07","slug":"dokumenty-do-pobrania-wloclawek-zawodowo","status":"publish","type":"page","link":"https:\/\/omegakikol.pl\/?page_id=2163","title":{"rendered":"Dokumenty do pobrania W\u0142oc\u0142awek zawodowo"},"content":{"rendered":"<h3><span style=\"color: #000000;\">Nowe druki &#8211; aktualizacja:<\/span><\/h3>\n<p><span style=\"color: #000080;\"><a style=\"color: #000080;\" href=\"http:\/\/omegakikol.pl\/wp-content\/uploads\/2018\/12\/O\u015bwiadczenie-na-temat-danych-wra\u017cliwych-UP-NOWE.doc\">O\u015bwiadczenie na temat danych wra\u017cliwych UP- NOWE<\/a><\/span><\/p>\n<p><span style=\"color: #000080;\"> <a style=\"color: #000080;\" href=\"http:\/\/omegakikol.pl\/wp-content\/uploads\/2018\/12\/O\u015bwiadczenie-uczestnika-projektu-NOWE.docx\">O\u015bwiadczenie uczestnika projektu-NOWE<\/a><\/span><\/p>\n<h5 style=\"text-align: right;\"><span style=\"color: #000000;\">dodano 26.06.2018<\/span><\/h5>\n<h3><span style=\"color: #000000;\">Materia\u0142y do pobrania:<\/span><\/h3>\n<h3><span style=\"color: #000000;\">dla nauczyciela oddelegowanego na zaj\u0119cia:<\/span><\/h3>\n<p><span style=\"color: #0000ff;\"><a style=\"color: #0000ff;\" href=\"http:\/\/omegakikol.pl\/wp-content\/uploads\/2018\/12\/deklaracja-ucz..doc\">deklaracja ucz.<\/a><\/span><\/p>\n<p><span style=\"color: #0000ff;\"><a style=\"color: #0000ff;\" href=\"http:\/\/omegakikol.pl\/wp-content\/uploads\/2018\/12\/Karta-zg\u0142oszeniowa-dla-nauczyciela.docx\">Karta zg\u0142oszeniowa dla nauczyciela<\/a><\/span><\/p>\n<p><span style=\"color: #0000ff;\"><a style=\"color: #0000ff;\" href=\"http:\/\/omegakikol.pl\/wp-content\/uploads\/2018\/12\/Nauczyciel-za\u015bwiadczenie-ze-szko\u0142y.doc\">Nauczyciel- za\u015bwiadczenie ze szko\u0142y<\/a><\/span><\/p>\n<p><span style=\"color: #0000ff;\"><a style=\"color: #0000ff;\" href=\"http:\/\/omegakikol.pl\/wp-content\/uploads\/2018\/12\/O\u015bwiadczenie-na-temat-danych-wra\u017cliwych-nauczyciele.doc\">O\u015bwiadczenie na temat danych wra\u017cliwych nauczyciele<\/a><\/span><\/p>\n<p><span style=\"color: #0000ff;\"><a style=\"color: #0000ff;\" href=\"http:\/\/omegakikol.pl\/wp-content\/uploads\/2018\/12\/Zgoda-na-udzia\u0142-w-projekcie.doc\">Zgoda na udzia\u0142 w projekcie<\/a><\/span><\/p>\n<p>&nbsp;<\/p>\n<h3><span style=\"color: #000000;\">dla ucznia:<\/span><\/h3>\n<p><span style=\"color: #0000ff;\"><a style=\"color: #0000ff;\" href=\"http:\/\/omegakikol.pl\/wp-content\/uploads\/2018\/12\/Decyzja-komisji-rekrutacyjnej.doc\">Decyzja komisji rekrutacyjnej<\/a><\/span><\/p>\n<p><span style=\"color: #0000ff;\"><a style=\"color: #0000ff;\" href=\"http:\/\/omegakikol.pl\/wp-content\/uploads\/2018\/12\/deklaracja.doc\">deklaracja<\/a><\/span><\/p>\n<p><span style=\"color: #0000ff;\"><a style=\"color: #0000ff;\" href=\"http:\/\/omegakikol.pl\/wp-content\/uploads\/2018\/12\/Karta-zg\u0142oszeniowa-dla-ucznia.docx\">Karta zg\u0142oszeniowa dla ucznia<\/a><\/span><\/p>\n<p><span style=\"color: #0000ff;\"><a style=\"color: #0000ff;\" href=\"http:\/\/omegakikol.pl\/wp-content\/uploads\/2018\/12\/Kryterium-na-sta\u017c.doc\">Kryterium na sta\u017c<\/a><\/span><\/p>\n<p><span style=\"color: #0000ff;\"><a style=\"color: #0000ff;\" href=\"http:\/\/omegakikol.pl\/wp-content\/uploads\/2018\/12\/O\u015bwiadczenie-na-temat-danych-wra\u017cliwych-UP.doc\">O\u015bwiadczenie na temat danych wra\u017cliwych UP<\/a><\/span><\/p>\n<p><span style=\"color: #0000ff;\"><a style=\"color: #0000ff;\" href=\"http:\/\/omegakikol.pl\/wp-content\/uploads\/2018\/12\/Umowa-dla-uczestnika-z-zobowi\u0105zaniem.doc\">Umowa dla uczestnika z zobowi\u0105zaniem<\/a><\/span><\/p>\n<p><span style=\"color: #0000ff;\"><a style=\"color: #0000ff;\" href=\"http:\/\/omegakikol.pl\/wp-content\/uploads\/2018\/12\/Za\u015bwiadczenie-ze-szko\u0142y.doc\">Za\u015bwiadczenie ze szko\u0142y<\/a><\/span><\/p>\n","protected":false},"excerpt":{"rendered":"<p>Nowe druki &#8211; aktualizacja: O\u015bwiadczenie na temat danych wra\u017cliwych UP- NOWE O\u015bwiadczenie uczestnika projektu-NOWE dodano 26.06.2018 Materia\u0142y do pobrania: dla nauczyciela oddelegowanego na zaj\u0119cia: deklaracja ucz. Karta zg\u0142oszeniowa dla nauczyciela Nauczyciel- za\u015bwiadczenie ze szko\u0142y O\u015bwiadczenie na temat danych wra\u017cliwych nauczyciele Zgoda na udzia\u0142 w projekcie &nbsp; dla ucznia: Decyzja komisji rekrutacyjnej deklaracja Karta zg\u0142oszeniowa dla [&hellip;]<\/p>\n","protected":false},"author":1,"featured_media":0,"parent":0,"menu_order":0,"comment_status":"closed","ping_status":"closed","template":"","meta":{"ngg_post_thumbnail":0,"footnotes":""},"class_list":["post-2163","page","type-page","status-publish","hentry"],"_links":{"self":[{"href":"https:\/\/omegakikol.pl\/index.php?rest_route=\/wp\/v2\/pages\/2163","targetHints":{"allow":["GET"]}}],"collection":[{"href":"https:\/\/omegakikol.pl\/index.php?rest_route=\/wp\/v2\/pages"}],"about":[{"href":"https:\/\/omegakikol.pl\/index.php?rest_route=\/wp\/v2\/types\/page"}],"author":[{"embeddable":true,"href":"https:\/\/omegakikol.pl\/index.php?rest_route=\/wp\/v2\/users\/1"}],"replies":[{"embeddable":true,"href":"https:\/\/omegakikol.pl\/index.php?rest_route=%2Fwp%2Fv2%2Fcomments&post=2163"}],"version-history":[{"count":2,"href":"https:\/\/omegakikol.pl\/index.php?rest_route=\/wp\/v2\/pages\/2163\/revisions"}],"predecessor-version":[{"id":2295,"href":"https:\/\/omegakikol.pl\/index.php?rest_route=\/wp\/v2\/pages\/2163\/revisions\/2295"}],"wp:attachment":[{"href":"https:\/\/omegakikol.pl\/index.php?rest_route=%2Fwp%2Fv2%2Fmedia&parent=2163"}],"curies":[{"name":"wp","href":"https:\/\/api.w.org\/{rel}","templated":true}]}}