{"id":2326,"date":"2020-01-06T16:46:23","date_gmt":"2020-01-06T15:46:23","guid":{"rendered":"http:\/\/omegakikol.pl\/?page_id=2326"},"modified":"2020-01-06T16:49:25","modified_gmt":"2020-01-06T15:49:25","slug":"my-tez-aktywizujemy-sie-spolecznie-i-zawodowo-lgd-dobrzyn-poludnie","status":"publish","type":"page","link":"https:\/\/omegakikol.pl\/?page_id=2326","title":{"rendered":"My te\u017c aktywizujemy si\u0119  spo\u0142ecznie i zawodowo LGD -Dobrzy\u0144 Po\u0142udnie"},"content":{"rendered":"\n<h2 class=\"wp-block-heading\"><\/h2>\n\n\n\n<figure class=\"wp-block-image size-large\"><img loading=\"lazy\" decoding=\"async\" width=\"724\" height=\"1024\" src=\"http:\/\/omegakikol.pl\/wp-content\/uploads\/2020\/01\/plakat-1_2020-A-1-724x1024.jpg\" alt=\"\" class=\"wp-image-2334\" srcset=\"https:\/\/omegakikol.pl\/wp-content\/uploads\/2020\/01\/plakat-1_2020-A-1-724x1024.jpg 724w, https:\/\/omegakikol.pl\/wp-content\/uploads\/2020\/01\/plakat-1_2020-A-1-212x300.jpg 212w, https:\/\/omegakikol.pl\/wp-content\/uploads\/2020\/01\/plakat-1_2020-A-1-768x1086.jpg 768w, https:\/\/omegakikol.pl\/wp-content\/uploads\/2020\/01\/plakat-1_2020-A-1.jpg 1052w\" sizes=\"auto, (max-width: 724px) 100vw, 724px\" \/><figcaption><br><br><\/figcaption><\/figure>\n\n\n\n<figure class=\"wp-block-image size-large\"><img loading=\"lazy\" decoding=\"async\" width=\"724\" height=\"1024\" src=\"http:\/\/omegakikol.pl\/wp-content\/uploads\/2020\/01\/plakat-W-724x1024.jpg\" alt=\"\" class=\"wp-image-2336\" srcset=\"https:\/\/omegakikol.pl\/wp-content\/uploads\/2020\/01\/plakat-W-724x1024.jpg 724w, https:\/\/omegakikol.pl\/wp-content\/uploads\/2020\/01\/plakat-W-212x300.jpg 212w, https:\/\/omegakikol.pl\/wp-content\/uploads\/2020\/01\/plakat-W-768x1086.jpg 768w, https:\/\/omegakikol.pl\/wp-content\/uploads\/2020\/01\/plakat-W-1086x1536.jpg 1086w, https:\/\/omegakikol.pl\/wp-content\/uploads\/2020\/01\/plakat-W.jpg 1170w\" sizes=\"auto, (max-width: 724px) 100vw, 724px\" \/><\/figure>\n\n\n\n<figure class=\"wp-block-image size-large\"><img loading=\"lazy\" decoding=\"async\" width=\"724\" height=\"1024\" src=\"http:\/\/omegakikol.pl\/wp-content\/uploads\/2020\/01\/ulotka-b-10_2019-W--724x1024.jpg\" alt=\"\" class=\"wp-image-2337\" srcset=\"https:\/\/omegakikol.pl\/wp-content\/uploads\/2020\/01\/ulotka-b-10_2019-W--724x1024.jpg 724w, https:\/\/omegakikol.pl\/wp-content\/uploads\/2020\/01\/ulotka-b-10_2019-W--212x300.jpg 212w, https:\/\/omegakikol.pl\/wp-content\/uploads\/2020\/01\/ulotka-b-10_2019-W--768x1086.jpg 768w, https:\/\/omegakikol.pl\/wp-content\/uploads\/2020\/01\/ulotka-b-10_2019-W--1086x1536.jpg 1086w, https:\/\/omegakikol.pl\/wp-content\/uploads\/2020\/01\/ulotka-b-10_2019-W-.jpg 1170w\" sizes=\"auto, (max-width: 724px) 100vw, 724px\" \/><\/figure>\n\n\n\n<div class=\"wp-block-group\"><div class=\"wp-block-group__inner-container is-layout-flow wp-block-group-is-layout-flow\">\n<div class=\"wp-block-file\"><a href=\"http:\/\/omegakikol.pl\/wp-content\/uploads\/2020\/01\/Dane-osobowe-2.docx\">Dane-osobowe-2<\/a><a href=\"http:\/\/omegakikol.pl\/wp-content\/uploads\/2020\/01\/Dane-osobowe-2.docx\" class=\"wp-block-file__button\" download>Pobierz<\/a><\/div>\n<\/div><\/div>\n\n\n\n<div class=\"wp-block-file\"><a href=\"http:\/\/omegakikol.pl\/wp-content\/uploads\/2020\/01\/dodatkowe-o\u015bwiadczenia-LGD-5.docx\">dodatkowe o\u015bwiadczenia LGD 5<\/a><a href=\"http:\/\/omegakikol.pl\/wp-content\/uploads\/2020\/01\/dodatkowe-o\u015bwiadczenia-LGD-5.docx\" class=\"wp-block-file__button\" download>Pobierz<\/a><\/div>\n\n\n\n<div class=\"wp-block-file\"><a href=\"http:\/\/omegakikol.pl\/wp-content\/uploads\/2020\/01\/formularz-uczestnika-projektu-1.docx\">formularz uczestnika projektu 1<\/a><a href=\"http:\/\/omegakikol.pl\/wp-content\/uploads\/2020\/01\/formularz-uczestnika-projektu-1.docx\" class=\"wp-block-file__button\" download>Pobierz<\/a><\/div>\n\n\n\n<div class=\"wp-block-file\"><a href=\"http:\/\/omegakikol.pl\/wp-content\/uploads\/2020\/01\/Karta-oceny-lista-rankingowa-LGD-7.docx\">Karta oceny lista rankingowa LGD 7<\/a><a href=\"http:\/\/omegakikol.pl\/wp-content\/uploads\/2020\/01\/Karta-oceny-lista-rankingowa-LGD-7.docx\" class=\"wp-block-file__button\" download>Pobierz<\/a><\/div>\n\n\n\n<div class=\"wp-block-file\"><a href=\"http:\/\/omegakikol.pl\/wp-content\/uploads\/2020\/01\/Regulamin-rekrutacji-LGD-W.doc\">Regulamin rekrutacji LGD W<\/a><a href=\"http:\/\/omegakikol.pl\/wp-content\/uploads\/2020\/01\/Regulamin-rekrutacji-LGD-W.doc\" class=\"wp-block-file__button\" download>Pobierz<\/a><\/div>\n\n\n\n<div class=\"wp-block-file\"><a href=\"http:\/\/omegakikol.pl\/wp-content\/uploads\/2020\/01\/rezygnacja-LGD-6.docx\">rezygnacja LGD 6<\/a><a href=\"http:\/\/omegakikol.pl\/wp-content\/uploads\/2020\/01\/rezygnacja-LGD-6.docx\" class=\"wp-block-file__button\" download>Pobierz<\/a><\/div>\n","protected":false},"excerpt":{"rendered":"","protected":false},"author":1,"featured_media":0,"parent":0,"menu_order":0,"comment_status":"closed","ping_status":"closed","template":"","meta":{"ngg_post_thumbnail":0,"footnotes":""},"class_list":["post-2326","page","type-page","status-publish","hentry"],"_links":{"self":[{"href":"https:\/\/omegakikol.pl\/index.php?rest_route=\/wp\/v2\/pages\/2326","targetHints":{"allow":["GET"]}}],"collection":[{"href":"https:\/\/omegakikol.pl\/index.php?rest_route=\/wp\/v2\/pages"}],"about":[{"href":"https:\/\/omegakikol.pl\/index.php?rest_route=\/wp\/v2\/types\/page"}],"author":[{"embeddable":true,"href":"https:\/\/omegakikol.pl\/index.php?rest_route=\/wp\/v2\/users\/1"}],"replies":[{"embeddable":true,"href":"https:\/\/omegakikol.pl\/index.php?rest_route=%2Fwp%2Fv2%2Fcomments&post=2326"}],"version-history":[{"count":3,"href":"https:\/\/omegakikol.pl\/index.php?rest_route=\/wp\/v2\/pages\/2326\/revisions"}],"predecessor-version":[{"id":2338,"href":"https:\/\/omegakikol.pl\/index.php?rest_route=\/wp\/v2\/pages\/2326\/revisions\/2338"}],"wp:attachment":[{"href":"https:\/\/omegakikol.pl\/index.php?rest_route=%2Fwp%2Fv2%2Fmedia&parent=2326"}],"curies":[{"name":"wp","href":"https:\/\/api.w.org\/{rel}","templated":true}]}}