{"id":2382,"date":"2020-02-19T20:43:56","date_gmt":"2020-02-19T19:43:56","guid":{"rendered":"http:\/\/omegakikol.pl\/?page_id=2382"},"modified":"2020-10-04T12:03:28","modified_gmt":"2020-10-04T10:03:28","slug":"lgd-dobrzyn-poludnie-aktywna-spolecznie-i-zawodowo-iii","status":"publish","type":"page","link":"https:\/\/omegakikol.pl\/?page_id=2382","title":{"rendered":",,LGD- Dobrzy\u0144 Po\u0142udnie aktywna spo\u0142ecznie i zawodowo III\u201d"},"content":{"rendered":"<p style=\"text-align: center;\"><span style=\"color: #000000;\"><strong>Informacje o projekcie<\/strong><\/span><\/p>\n<p style=\"text-align: center;\"><img loading=\"lazy\" decoding=\"async\" class=\"aligncenter size-full wp-image-2431\" src=\"http:\/\/omegakikol.pl\/wp-content\/uploads\/2020\/02\/plakat-marzec-1.jpg\" alt=\"\" width=\"424\" height=\"600\" srcset=\"https:\/\/omegakikol.pl\/wp-content\/uploads\/2020\/02\/plakat-marzec-1.jpg 424w, https:\/\/omegakikol.pl\/wp-content\/uploads\/2020\/02\/plakat-marzec-1-212x300.jpg 212w\" sizes=\"auto, (max-width: 424px) 100vw, 424px\" \/><\/p>\n<p style=\"text-align: center;\"><a href=\"http:\/\/omegakikol.pl\/wp-content\/uploads\/2020\/10\/Informacja-o-projekcie-LGD-Dobrzy\u0144-Po\u0142udnie-III.docx\">Informacja o projekcie LGD Dobrzy\u0144 Po\u0142udnie III<\/a><\/p>\n<p style=\"text-align: center;\"><a href=\"http:\/\/omegakikol.pl\/wp-content\/uploads\/2020\/09\/Informacja-o-projekcie-LGD-Dobrzy\u0144-Po\u0142udnie-III.docx\">Informacja o projekcie LGD Dobrzy\u0144 Po\u0142udnie III<\/a><\/p>\n<p style=\"text-align: center;\"><span style=\"color: #000000;\"><strong>Dokumenty do pobrania:<\/strong><\/span><\/p>\n<p style=\"text-align: center;\"><a href=\"http:\/\/omegakikol.pl\/wp-content\/uploads\/2020\/02\/1-Formularz-uczestnika-projektu-3.docx\">1 Formularz uczestnika projektu<\/a><\/p>\n<p style=\"text-align: center;\"><a href=\"http:\/\/omegakikol.pl\/wp-content\/uploads\/2020\/02\/2-Ankieta-dotycz\u0105ca-kryteri\u00f3w-kwalifikuj\u0105cych-do-udzia\u0142u-w-projekcie-3.docx\">2 Ankieta dotycz\u0105ca kryteri\u00f3w kwalifikuj\u0105cych do udzia\u0142u w projekcie<\/a><\/p>\n<p style=\"text-align: center;\"><a href=\"http:\/\/omegakikol.pl\/wp-content\/uploads\/2020\/02\/3-O\u015bwiaczenie-uczestnika-3.docx\">3 O\u015bwiaczenie uczestnika<\/a><\/p>\n<p style=\"text-align: center;\"><a href=\"http:\/\/omegakikol.pl\/wp-content\/uploads\/2020\/02\/4-Umowa-LGD-z-UP-3.docx\">4 Umowa LGD z UP<\/a><\/p>\n<p style=\"text-align: center;\"><a href=\"http:\/\/omegakikol.pl\/wp-content\/uploads\/2020\/02\/5-Dane-osobowe-i-dodatkowe-o\u015bwiadczenia-3.docx\">5 Dane osobowe i dodatkowe o\u015bwiadczenia<\/a><\/p>\n<p style=\"text-align: center;\"><a href=\"http:\/\/omegakikol.pl\/wp-content\/uploads\/2020\/02\/6-Rezygnacja-LGD-3.docx\">6 Rezygnacja LGD<\/a><\/p>\n<p style=\"text-align: center;\"><a href=\"http:\/\/omegakikol.pl\/wp-content\/uploads\/2020\/02\/7-Karta-oceny-lista-rankingowa-LGD-3.docx\">7 Karta oceny lista rankingowa LGD<\/a><\/p>\n<p style=\"text-align: center;\"><a href=\"http:\/\/omegakikol.pl\/wp-content\/uploads\/2020\/02\/regulamin-rekrutacji-do-projekt\u00f3w-LGD-marzec.docx\">regulamin rekrutacji do projekt\u00f3w LGD marzec<\/a><\/p>\n<p>&nbsp;<\/p>\n\n\n<p>LGD- Dobrzy\u0144 Po\u0142udnie aktywna spo\u0142ecznie i zawodowo III<\/p>\n\n\n\nngg_shortcode_0_placeholder\n\n\n\n<p>Stylizacja paznokci w Lipnie<\/p>\n\n\n\nngg_shortcode_1_placeholder\n\n\n\n<p>Porady zdalnie ,,LGD- Dobrzy\u0144 Po\u0142udnie aktywna spo\u0142ecznie i zawodowo III<\/p>\n\n\n\nngg_shortcode_2_placeholder\n","protected":false},"excerpt":{"rendered":"<p>Informacje o projekcie Informacja o projekcie LGD Dobrzy\u0144 Po\u0142udnie III Informacja o projekcie LGD Dobrzy\u0144 Po\u0142udnie III Dokumenty do pobrania: 1 Formularz uczestnika projektu 2 Ankieta dotycz\u0105ca kryteri\u00f3w kwalifikuj\u0105cych do udzia\u0142u w projekcie 3 O\u015bwiaczenie uczestnika 4 Umowa LGD z UP 5 Dane osobowe i dodatkowe o\u015bwiadczenia 6 Rezygnacja LGD 7 Karta oceny lista rankingowa [&hellip;]<\/p>\n","protected":false},"author":1,"featured_media":0,"parent":0,"menu_order":0,"comment_status":"closed","ping_status":"closed","template":"","meta":{"ngg_post_thumbnail":0,"footnotes":""},"class_list":["post-2382","page","type-page","status-publish","hentry"],"_links":{"self":[{"href":"https:\/\/omegakikol.pl\/index.php?rest_route=\/wp\/v2\/pages\/2382","targetHints":{"allow":["GET"]}}],"collection":[{"href":"https:\/\/omegakikol.pl\/index.php?rest_route=\/wp\/v2\/pages"}],"about":[{"href":"https:\/\/omegakikol.pl\/index.php?rest_route=\/wp\/v2\/types\/page"}],"author":[{"embeddable":true,"href":"https:\/\/omegakikol.pl\/index.php?rest_route=\/wp\/v2\/users\/1"}],"replies":[{"embeddable":true,"href":"https:\/\/omegakikol.pl\/index.php?rest_route=%2Fwp%2Fv2%2Fcomments&post=2382"}],"version-history":[{"count":7,"href":"https:\/\/omegakikol.pl\/index.php?rest_route=\/wp\/v2\/pages\/2382\/revisions"}],"predecessor-version":[{"id":2810,"href":"https:\/\/omegakikol.pl\/index.php?rest_route=\/wp\/v2\/pages\/2382\/revisions\/2810"}],"wp:attachment":[{"href":"https:\/\/omegakikol.pl\/index.php?rest_route=%2Fwp%2Fv2%2Fmedia&parent=2382"}],"curies":[{"name":"wp","href":"https:\/\/api.w.org\/{rel}","templated":true}]}}