{"id":2384,"date":"2020-02-19T20:44:06","date_gmt":"2020-02-19T19:44:06","guid":{"rendered":"http:\/\/omegakikol.pl\/?page_id=2384"},"modified":"2020-10-04T12:03:57","modified_gmt":"2020-10-04T10:03:57","slug":"lgd-dobrzyn-poludnie-aktywna-spolecznie-i-zawodowo-iv","status":"publish","type":"page","link":"https:\/\/omegakikol.pl\/?page_id=2384","title":{"rendered":",,LGD- Dobrzy\u0144 Po\u0142udnie aktywna spo\u0142ecznie i zawodowo IV\u201d"},"content":{"rendered":"<p style=\"text-align: center;\"><strong>Informacje o projekcie<\/strong><\/p>\n<p style=\"text-align: center;\"><img loading=\"lazy\" decoding=\"async\" class=\"aligncenter size-full wp-image-2442\" src=\"http:\/\/omegakikol.pl\/wp-content\/uploads\/2020\/02\/plakat-marzec-2.jpg\" alt=\"\" width=\"424\" height=\"600\" srcset=\"https:\/\/omegakikol.pl\/wp-content\/uploads\/2020\/02\/plakat-marzec-2.jpg 424w, https:\/\/omegakikol.pl\/wp-content\/uploads\/2020\/02\/plakat-marzec-2-212x300.jpg 212w\" sizes=\"auto, (max-width: 424px) 100vw, 424px\" \/><\/p>\n<div style=\"text-align: center;\"><a href=\"http:\/\/omegakikol.pl\/wp-content\/uploads\/2020\/10\/Informacja-o-projekcie-LGD-Dobrzy\u0144-Po\u0142udnie-IV.docx\">Informacja o projekcie LGD Dobrzy\u0144 Po\u0142udnie IV<\/a><\/div>\n<div>&nbsp;<\/div>\n<div style=\"text-align: center;\"><a href=\"http:\/\/omegakikol.pl\/wp-content\/uploads\/2020\/09\/Informacja-o-projekcie-LGD-Dobrzy\u0144-Po\u0142udnie-IV.docx\">Informacja o projekcie LGD Dobrzy\u0144 Po\u0142udnie IV<\/a><\/div>\n<div>&nbsp;<\/div>\n<div style=\"text-align: center;\"><span style=\"color: #000000;\"><strong>Dokumenty do pobrania:<\/strong><\/span><\/div>\n<div style=\"text-align: center;\">&nbsp;<\/div>\n<div style=\"text-align: center;\"><a href=\"http:\/\/omegakikol.pl\/wp-content\/uploads\/2020\/02\/1-Formularz-uczestnika-projektu-4.docx\">1 Formularz uczestnika projektu<\/a><\/div>\n<div>&nbsp;<\/div>\n<div style=\"text-align: center;\"><a href=\"http:\/\/omegakikol.pl\/wp-content\/uploads\/2020\/02\/2-Ankieta-dotycz\u0105ca-kryteri\u00f3w-kwalifikuj\u0105cych-do-udzia\u0142u-w-projekcie-4.docx\">2 Ankieta dotycz\u0105ca kryteri\u00f3w kwalifikuj\u0105cych do udzia\u0142u w projekcie<\/a><\/div>\n<div>&nbsp;<\/div>\n<div style=\"text-align: center;\"><a href=\"http:\/\/omegakikol.pl\/wp-content\/uploads\/2020\/02\/3-O\u015bwiaczenie-uczestnika-4.docx\">3 O\u015bwiaczenie uczestnika<\/a><\/div>\n<div>&nbsp;<\/div>\n<div style=\"text-align: center;\"><a href=\"http:\/\/omegakikol.pl\/wp-content\/uploads\/2020\/02\/4-Umowa-LGD-z-UP-4.docx\">4 Umowa LGD z UP<\/a><\/div>\n<div>&nbsp;<\/div>\n<div style=\"text-align: center;\"><a href=\"http:\/\/omegakikol.pl\/wp-content\/uploads\/2020\/02\/5-Dane-osobowe-i-dodatkowe-o\u015bwiadczenia-4.docx\">5 Dane osobowe i dodatkowe o\u015bwiadczenia<\/a><\/div>\n<div>&nbsp;<\/div>\n<div style=\"text-align: center;\"><a href=\"http:\/\/omegakikol.pl\/wp-content\/uploads\/2020\/02\/6-Rezygnacja-LGD-4.docx\">6 Rezygnacja LGD<\/a><\/div>\n<div>&nbsp;<\/div>\n<div style=\"text-align: center;\"><a href=\"http:\/\/omegakikol.pl\/wp-content\/uploads\/2020\/02\/7-Karta-oceny-lista-rankingowa-LGD-4.docx\">7 Karta oceny lista rankingowa LGD<\/a><\/div>\n<div>&nbsp;<\/div>\n<div style=\"text-align: center;\"><a href=\"http:\/\/omegakikol.pl\/wp-content\/uploads\/2020\/02\/regulamin-rekrutacji-do-projekt\u00f3w-LGD-marzec-1.docx\">regulamin rekrutacji do projekt\u00f3w LGD marzec<\/a><\/div>\n<div>&nbsp;<\/div>\n\n\n<p>LGD- Dobrzy\u0144 Po\u0142udnie aktywna spo\u0142ecznie i zawodowo IV<\/p>\n\n\n\nngg_shortcode_0_placeholder\n","protected":false},"excerpt":{"rendered":"<p>Informacje o projekcie Informacja o projekcie LGD Dobrzy\u0144 Po\u0142udnie IV &nbsp; Informacja o projekcie LGD Dobrzy\u0144 Po\u0142udnie IV &nbsp; Dokumenty do pobrania: &nbsp; 1 Formularz uczestnika projektu &nbsp; 2 Ankieta dotycz\u0105ca kryteri\u00f3w kwalifikuj\u0105cych do udzia\u0142u w projekcie &nbsp; 3 O\u015bwiaczenie uczestnika &nbsp; 4 Umowa LGD z UP &nbsp; 5 Dane osobowe i dodatkowe o\u015bwiadczenia &nbsp; [&hellip;]<\/p>\n","protected":false},"author":1,"featured_media":0,"parent":0,"menu_order":0,"comment_status":"closed","ping_status":"closed","template":"","meta":{"ngg_post_thumbnail":0,"footnotes":""},"class_list":["post-2384","page","type-page","status-publish","hentry"],"_links":{"self":[{"href":"https:\/\/omegakikol.pl\/index.php?rest_route=\/wp\/v2\/pages\/2384","targetHints":{"allow":["GET"]}}],"collection":[{"href":"https:\/\/omegakikol.pl\/index.php?rest_route=\/wp\/v2\/pages"}],"about":[{"href":"https:\/\/omegakikol.pl\/index.php?rest_route=\/wp\/v2\/types\/page"}],"author":[{"embeddable":true,"href":"https:\/\/omegakikol.pl\/index.php?rest_route=\/wp\/v2\/users\/1"}],"replies":[{"embeddable":true,"href":"https:\/\/omegakikol.pl\/index.php?rest_route=%2Fwp%2Fv2%2Fcomments&post=2384"}],"version-history":[{"count":5,"href":"https:\/\/omegakikol.pl\/index.php?rest_route=\/wp\/v2\/pages\/2384\/revisions"}],"predecessor-version":[{"id":2812,"href":"https:\/\/omegakikol.pl\/index.php?rest_route=\/wp\/v2\/pages\/2384\/revisions\/2812"}],"wp:attachment":[{"href":"https:\/\/omegakikol.pl\/index.php?rest_route=%2Fwp%2Fv2%2Fmedia&parent=2384"}],"curies":[{"name":"wp","href":"https:\/\/api.w.org\/{rel}","templated":true}]}}