{"id":2386,"date":"2020-02-19T20:44:18","date_gmt":"2020-02-19T19:44:18","guid":{"rendered":"http:\/\/omegakikol.pl\/?page_id=2386"},"modified":"2020-10-04T12:06:03","modified_gmt":"2020-10-04T10:06:03","slug":"lgd-dobrzyn-poludnie-aktywna-spolecznie-i-zawodowo-v","status":"publish","type":"page","link":"https:\/\/omegakikol.pl\/?page_id=2386","title":{"rendered":",,LGD- Dobrzy\u0144 Po\u0142udnie aktywna spo\u0142ecznie i zawodowo V\u201d"},"content":{"rendered":"<p style=\"text-align: center;\"><span style=\"color: #000000;\"><strong>Informacje o projekcie&nbsp;<\/strong><\/span><\/p>\n<p style=\"text-align: center;\"><img loading=\"lazy\" decoding=\"async\" class=\"aligncenter size-full wp-image-2453\" src=\"http:\/\/omegakikol.pl\/wp-content\/uploads\/2020\/02\/plakat-marzec-3.jpg\" alt=\"\" width=\"424\" height=\"600\" srcset=\"https:\/\/omegakikol.pl\/wp-content\/uploads\/2020\/02\/plakat-marzec-3.jpg 424w, https:\/\/omegakikol.pl\/wp-content\/uploads\/2020\/02\/plakat-marzec-3-212x300.jpg 212w\" sizes=\"auto, (max-width: 424px) 100vw, 424px\" \/><\/p>\n<p style=\"text-align: center;\"><a href=\"http:\/\/omegakikol.pl\/wp-content\/uploads\/2020\/10\/Informacja-o-projekcie-LGD-Dobrzy\u0144-Po\u0142udnie-V.docx\">Informacja o projekcie LGD Dobrzy\u0144 Po\u0142udnie V<\/a><\/p>\n<p style=\"text-align: center;\"><a href=\"http:\/\/omegakikol.pl\/wp-content\/uploads\/2020\/09\/Informacja-o-projekcie-LGD-Dobrzy\u0144-Po\u0142udnie-V.docx\">Informacja o projekcie LGD Dobrzy\u0144 Po\u0142udnie V<\/a><\/p>\n<p style=\"text-align: center;\"><span style=\"color: #000000;\"><strong>Dokumenty do pobrania:<\/strong><\/span><\/p>\n<p style=\"text-align: center;\"><a href=\"http:\/\/omegakikol.pl\/wp-content\/uploads\/2020\/02\/1-Formularz-uczestnika-projektu-5.docx\">1 Formularz uczestnika projektu<\/a><\/p>\n<p style=\"text-align: center;\"><a href=\"http:\/\/omegakikol.pl\/wp-content\/uploads\/2020\/02\/2-Ankieta-dotycz\u0105ca-kryteri\u00f3w-kwalifikuj\u0105cych-do-udzia\u0142u-w-projekcie-5.docx\">2 Ankieta dotycz\u0105ca kryteri\u00f3w kwalifikuj\u0105cych do udzia\u0142u w projekcie<\/a><\/p>\n<p style=\"text-align: center;\"><a href=\"http:\/\/omegakikol.pl\/wp-content\/uploads\/2020\/02\/3-O\u015bwiaczenie-uczestnika-5.docx\">3 O\u015bwiaczenie uczestnika<\/a><\/p>\n<p style=\"text-align: center;\"><a href=\"http:\/\/omegakikol.pl\/wp-content\/uploads\/2020\/02\/4-Umowa-LGD-z-UP-5.docx\">4 Umowa LGD z UP<\/a><\/p>\n<p style=\"text-align: center;\"><a href=\"http:\/\/omegakikol.pl\/wp-content\/uploads\/2020\/02\/5-Dane-osobowe-i-dodatkowe-o\u015bwiadczenia-5.docx\">5 Dane osobowe i dodatkowe o\u015bwiadczenia<\/a><\/p>\n<p style=\"text-align: center;\"><a href=\"http:\/\/omegakikol.pl\/wp-content\/uploads\/2020\/02\/6-Rezygnacja-LGD-5.docx\">6 Rezygnacja LGD<\/a><\/p>\n<p style=\"text-align: center;\"><a href=\"http:\/\/omegakikol.pl\/wp-content\/uploads\/2020\/02\/7-Karta-oceny-lista-rankingowa-LGD-5.docx\">7 Karta oceny lista rankingowa LGD<\/a><\/p>\n<p style=\"text-align: center;\"><a href=\"http:\/\/omegakikol.pl\/wp-content\/uploads\/2020\/02\/regulamin-rekrutacji-do-projekt\u00f3w-LGD-marzec-2.docx\">regulamin rekrutacji do projekt\u00f3w LGD marzec<\/a><\/p>\n<p>&nbsp;<\/p>\n\n\n<p>LGD- Dobrzy\u0144 Po\u0142udnie aktywna spo\u0142ecznie i zawodowo V<\/p>\n\n\n\nngg_shortcode_0_placeholder\n","protected":false},"excerpt":{"rendered":"<p>Informacje o projekcie&nbsp; Informacja o projekcie LGD Dobrzy\u0144 Po\u0142udnie V Informacja o projekcie LGD Dobrzy\u0144 Po\u0142udnie V Dokumenty do pobrania: 1 Formularz uczestnika projektu 2 Ankieta dotycz\u0105ca kryteri\u00f3w kwalifikuj\u0105cych do udzia\u0142u w projekcie 3 O\u015bwiaczenie uczestnika 4 Umowa LGD z UP 5 Dane osobowe i dodatkowe o\u015bwiadczenia 6 Rezygnacja LGD 7 Karta oceny lista rankingowa [&hellip;]<\/p>\n","protected":false},"author":1,"featured_media":0,"parent":0,"menu_order":0,"comment_status":"closed","ping_status":"closed","template":"","meta":{"ngg_post_thumbnail":0,"footnotes":""},"class_list":["post-2386","page","type-page","status-publish","hentry"],"_links":{"self":[{"href":"https:\/\/omegakikol.pl\/index.php?rest_route=\/wp\/v2\/pages\/2386","targetHints":{"allow":["GET"]}}],"collection":[{"href":"https:\/\/omegakikol.pl\/index.php?rest_route=\/wp\/v2\/pages"}],"about":[{"href":"https:\/\/omegakikol.pl\/index.php?rest_route=\/wp\/v2\/types\/page"}],"author":[{"embeddable":true,"href":"https:\/\/omegakikol.pl\/index.php?rest_route=\/wp\/v2\/users\/1"}],"replies":[{"embeddable":true,"href":"https:\/\/omegakikol.pl\/index.php?rest_route=%2Fwp%2Fv2%2Fcomments&post=2386"}],"version-history":[{"count":5,"href":"https:\/\/omegakikol.pl\/index.php?rest_route=\/wp\/v2\/pages\/2386\/revisions"}],"predecessor-version":[{"id":2814,"href":"https:\/\/omegakikol.pl\/index.php?rest_route=\/wp\/v2\/pages\/2386\/revisions\/2814"}],"wp:attachment":[{"href":"https:\/\/omegakikol.pl\/index.php?rest_route=%2Fwp%2Fv2%2Fmedia&parent=2386"}],"curies":[{"name":"wp","href":"https:\/\/api.w.org\/{rel}","templated":true}]}}