{"id":2884,"date":"2021-10-10T18:33:24","date_gmt":"2021-10-10T16:33:24","guid":{"rendered":"https:\/\/omegakikol.pl\/?page_id=2884"},"modified":"2022-03-13T17:44:06","modified_gmt":"2022-03-13T16:44:06","slug":"klub-mlodziezowy-w-skepem","status":"publish","type":"page","link":"https:\/\/omegakikol.pl\/?page_id=2884","title":{"rendered":"Klub M\u0142odzie\u017cowy w Sk\u0119pem"},"content":{"rendered":"\n<p><strong>dokumenty do pobrania:<\/strong><\/p>\n\n\n<h3 style=\"text-align: center;\"><span style=\"color: #000000;\"><strong>\u201eProjekt grantowy Stowarzyszenia Lokalna Grupa Dzia\u0142ania Gmin Dobrzy\u0144skich Region Po\u0142udnie\u201d, RPKP.11.01.00-04-0009\/17<\/strong><\/span><\/h3>\n<h4 style=\"text-align: center;\"><span style=\"color: #000000;\"><strong><em>,,Klub M\u0142odzie\u017cowy w Sk\u0119pem \u201d<\/em><\/strong><\/span><\/h4>\n<h4 style=\"text-align: center;\"><span style=\"color: #000000;\"><strong>&nbsp;<\/strong><strong>DODATKOWA REKRUTACJA DO PROJEKTU <\/strong><\/span><\/h4>\n<h4 style=\"text-align: center;\"><strong><span style=\"color: #000000;\">&nbsp; w zwi\u0105zku z rezygnacj\u0105 uczestnika<\/span>&nbsp;<\/strong><\/h4>\n<p><a href=\"https:\/\/omegakikol.pl\/wp-content\/uploads\/2022\/03\/regulamin-rekrutacji-do-projektu-LGD-KM-Skepe-aneks.docx\">regulamin rekrutacji do projektu LGD KM Sk\u0119pe aneks<\/a><\/p>\n<p>&nbsp;<\/p>\n<p><a href=\"https:\/\/omegakikol.pl\/wp-content\/uploads\/2021\/10\/1-Formularz-uczestnika-projektu.docx\">1 Formularz uczestnika projektu<\/a><\/p>\n<p><a href=\"https:\/\/omegakikol.pl\/wp-content\/uploads\/2021\/10\/2-Ankieta-dotyczaca-kryteriow-kwalifikujacych-do-udzialu-w-projekcie-dla-2-osob-otoczenie.docx\">2 Ankieta dotycz\u0105ca kryteri\u00f3w kwalifikuj\u0105cych do udzia\u0142u w projekcie dla 2 os\u00f3b otoczenie<\/a><\/p>\n<p><a href=\"https:\/\/omegakikol.pl\/wp-content\/uploads\/2021\/10\/2-Ankieta-dotyczaca-kryteriow-kwalifikujacych-do-udzialu-w-projekcie.docx\">2 Ankieta dotycz\u0105ca kryteri\u00f3w kwalifikuj\u0105cych do udzia\u0142u w projekcie<\/a><\/p>\n<p><a href=\"https:\/\/omegakikol.pl\/wp-content\/uploads\/2021\/10\/3-Oswiaczenie-uczestnika.docx\">3 O\u015bwiaczenie uczestnika<\/a> <a href=\"https:\/\/omegakikol.pl\/wp-content\/uploads\/2021\/10\/4-Umowa-LGD-z-UP-dla-2-osob-z-otoczenia.docx\">4 Umowa LGD z UP dla 2 os\u00f3b z otoczenia<\/a><\/p>\n<p><a href=\"https:\/\/omegakikol.pl\/wp-content\/uploads\/2021\/10\/4-Umowa-LGD-z-UP.docx\">4 Umowa LGD z UP<\/a><\/p>\n<p><a href=\"https:\/\/omegakikol.pl\/wp-content\/uploads\/2021\/10\/5-Dane-osobowe-i-dodatkowe-oswiadczenia.docx\">5 Dane osobowe i dodatkowe o\u015bwiadczenia<\/a><\/p>\n<p><a href=\"https:\/\/omegakikol.pl\/wp-content\/uploads\/2021\/10\/regulamin-rekrutacji-do-projektu-LGD-KM-Skepe.docx\">regulamin rekrutacji do projektu LGD KM Sk\u0119pe<\/a><\/p>\n\n\n<p><\/p>\n","protected":false},"excerpt":{"rendered":"<p>dokumenty do pobrania: \u201eProjekt grantowy Stowarzyszenia Lokalna Grupa Dzia\u0142ania Gmin Dobrzy\u0144skich Region Po\u0142udnie\u201d, RPKP.11.01.00-04-0009\/17 ,,Klub M\u0142odzie\u017cowy w Sk\u0119pem \u201d &nbsp;DODATKOWA REKRUTACJA DO PROJEKTU &nbsp; w zwi\u0105zku z rezygnacj\u0105 uczestnika&nbsp; regulamin rekrutacji do projektu LGD KM Sk\u0119pe aneks &nbsp; 1 Formularz uczestnika projektu 2 Ankieta dotycz\u0105ca kryteri\u00f3w kwalifikuj\u0105cych do udzia\u0142u w projekcie dla 2 os\u00f3b otoczenie [&hellip;]<\/p>\n","protected":false},"author":1,"featured_media":0,"parent":0,"menu_order":0,"comment_status":"closed","ping_status":"closed","template":"","meta":{"ngg_post_thumbnail":0,"footnotes":""},"class_list":["post-2884","page","type-page","status-publish","hentry"],"_links":{"self":[{"href":"https:\/\/omegakikol.pl\/index.php?rest_route=\/wp\/v2\/pages\/2884","targetHints":{"allow":["GET"]}}],"collection":[{"href":"https:\/\/omegakikol.pl\/index.php?rest_route=\/wp\/v2\/pages"}],"about":[{"href":"https:\/\/omegakikol.pl\/index.php?rest_route=\/wp\/v2\/types\/page"}],"author":[{"embeddable":true,"href":"https:\/\/omegakikol.pl\/index.php?rest_route=\/wp\/v2\/users\/1"}],"replies":[{"embeddable":true,"href":"https:\/\/omegakikol.pl\/index.php?rest_route=%2Fwp%2Fv2%2Fcomments&post=2884"}],"version-history":[{"count":6,"href":"https:\/\/omegakikol.pl\/index.php?rest_route=\/wp\/v2\/pages\/2884\/revisions"}],"predecessor-version":[{"id":2985,"href":"https:\/\/omegakikol.pl\/index.php?rest_route=\/wp\/v2\/pages\/2884\/revisions\/2985"}],"wp:attachment":[{"href":"https:\/\/omegakikol.pl\/index.php?rest_route=%2Fwp%2Fv2%2Fmedia&parent=2884"}],"curies":[{"name":"wp","href":"https:\/\/api.w.org\/{rel}","templated":true}]}}