{"id":2905,"date":"2021-10-10T18:46:39","date_gmt":"2021-10-10T16:46:39","guid":{"rendered":"https:\/\/omegakikol.pl\/?page_id=2905"},"modified":"2021-10-10T18:46:39","modified_gmt":"2021-10-10T16:46:39","slug":"klub-mlodziezowy-w-wielgiem","status":"publish","type":"page","link":"https:\/\/omegakikol.pl\/?page_id=2905","title":{"rendered":"Klub M\u0142odzie\u017cowy w Wielgiem"},"content":{"rendered":"<p><strong>dokumenty do pobrania:<\/strong><\/p>\n<p><a href=\"https:\/\/omegakikol.pl\/wp-content\/uploads\/2021\/10\/1-Formularz-uczestnika-projektu-2.docx\">1 Formularz uczestnika projektu<\/a><\/p>\n<p><a href=\"https:\/\/omegakikol.pl\/wp-content\/uploads\/2021\/10\/2-Ankieta-dotyczaca-kryteriow-kwalifikujacych-do-udzialu-w-projekcie-dla-2-osob-otoczenie-2.docx\">2 Ankieta dotycz\u0105ca kryteri\u00f3w kwalifikuj\u0105cych do udzia\u0142u w projekcie dla 2 os\u00f3b otoczenie<\/a><\/p>\n<p><a href=\"https:\/\/omegakikol.pl\/wp-content\/uploads\/2021\/10\/2-Ankieta-dotyczaca-kryteriow-kwalifikujacych-do-udzialu-w-projekcie-2.docx\">2 Ankieta dotycz\u0105ca kryteri\u00f3w kwalifikuj\u0105cych do udzia\u0142u w projekcie<\/a><\/p>\n<p><a href=\"https:\/\/omegakikol.pl\/wp-content\/uploads\/2021\/10\/3-Oswiaczenie-uczestnika-2.docx\">3 O\u015bwiadczenie uczestnika<\/a><\/p>\n<p><a href=\"https:\/\/omegakikol.pl\/wp-content\/uploads\/2021\/10\/4-Umowa-LGD-z-UP-dla-2-osob-z-otoczenia-2.docx\">4 Umowa LGD z UP dla 2 os\u00f3b z otoczenia<\/a><\/p>\n<p><a href=\"https:\/\/omegakikol.pl\/wp-content\/uploads\/2021\/10\/4-Umowa-LGD-z-UP-2.docx\">4 Umowa LGD z UP<\/a> <a href=\"https:\/\/omegakikol.pl\/wp-content\/uploads\/2021\/10\/5-Dane-osobowe-i-dodatkowe-oswiadczenia-2.docx\">5 Dane osobowe i dodatkowe o\u015bwiadczenia<\/a><\/p>\n<p><a href=\"https:\/\/omegakikol.pl\/wp-content\/uploads\/2021\/10\/regulamin-rekrutacji-do-projektu-LGD-KM-Wielgie.docx\">regulamin rekrutacji do projektu LGD KM Wielgie<\/a><\/p>\n\n\n<p><\/p>\n","protected":false},"excerpt":{"rendered":"<p>dokumenty do pobrania: 1 Formularz uczestnika projektu 2 Ankieta dotycz\u0105ca kryteri\u00f3w kwalifikuj\u0105cych do udzia\u0142u w projekcie dla 2 os\u00f3b otoczenie 2 Ankieta dotycz\u0105ca kryteri\u00f3w kwalifikuj\u0105cych do udzia\u0142u w projekcie 3 O\u015bwiadczenie uczestnika 4 Umowa LGD z UP dla 2 os\u00f3b z otoczenia 4 Umowa LGD z UP 5 Dane osobowe i dodatkowe o\u015bwiadczenia regulamin rekrutacji [&hellip;]<\/p>\n","protected":false},"author":1,"featured_media":0,"parent":0,"menu_order":0,"comment_status":"closed","ping_status":"closed","template":"","meta":{"ngg_post_thumbnail":0,"footnotes":""},"class_list":["post-2905","page","type-page","status-publish","hentry"],"_links":{"self":[{"href":"https:\/\/omegakikol.pl\/index.php?rest_route=\/wp\/v2\/pages\/2905","targetHints":{"allow":["GET"]}}],"collection":[{"href":"https:\/\/omegakikol.pl\/index.php?rest_route=\/wp\/v2\/pages"}],"about":[{"href":"https:\/\/omegakikol.pl\/index.php?rest_route=\/wp\/v2\/types\/page"}],"author":[{"embeddable":true,"href":"https:\/\/omegakikol.pl\/index.php?rest_route=\/wp\/v2\/users\/1"}],"replies":[{"embeddable":true,"href":"https:\/\/omegakikol.pl\/index.php?rest_route=%2Fwp%2Fv2%2Fcomments&post=2905"}],"version-history":[{"count":1,"href":"https:\/\/omegakikol.pl\/index.php?rest_route=\/wp\/v2\/pages\/2905\/revisions"}],"predecessor-version":[{"id":2914,"href":"https:\/\/omegakikol.pl\/index.php?rest_route=\/wp\/v2\/pages\/2905\/revisions\/2914"}],"wp:attachment":[{"href":"https:\/\/omegakikol.pl\/index.php?rest_route=%2Fwp%2Fv2%2Fmedia&parent=2905"}],"curies":[{"name":"wp","href":"https:\/\/api.w.org\/{rel}","templated":true}]}}