{"id":2966,"date":"2022-03-13T17:36:52","date_gmt":"2022-03-13T16:36:52","guid":{"rendered":"https:\/\/omegakikol.pl\/?page_id=2966"},"modified":"2022-03-13T17:37:16","modified_gmt":"2022-03-13T16:37:16","slug":"razem-dla-edukacji-dobrzyn-nad-wisla-z-tluchowem","status":"publish","type":"page","link":"https:\/\/omegakikol.pl\/?page_id=2966","title":{"rendered":"Razem dla edukacji = Dobrzy\u0144 nad Wis\u0142\u0105 z T\u0142uchowem"},"content":{"rendered":"<p><img loading=\"lazy\" decoding=\"async\" class=\"aligncenter size-large wp-image-2968\" src=\"https:\/\/omegakikol.pl\/wp-content\/uploads\/2022\/03\/plakat-panaceum-omega-RAZEM-DLA-EDUKACJI-1-724x1024.jpg\" alt=\"\" width=\"724\" height=\"1024\" srcset=\"https:\/\/omegakikol.pl\/wp-content\/uploads\/2022\/03\/plakat-panaceum-omega-RAZEM-DLA-EDUKACJI-1-724x1024.jpg 724w, https:\/\/omegakikol.pl\/wp-content\/uploads\/2022\/03\/plakat-panaceum-omega-RAZEM-DLA-EDUKACJI-1-212x300.jpg 212w, https:\/\/omegakikol.pl\/wp-content\/uploads\/2022\/03\/plakat-panaceum-omega-RAZEM-DLA-EDUKACJI-1-768x1086.jpg 768w, https:\/\/omegakikol.pl\/wp-content\/uploads\/2022\/03\/plakat-panaceum-omega-RAZEM-DLA-EDUKACJI-1-1086x1536.jpg 1086w, https:\/\/omegakikol.pl\/wp-content\/uploads\/2022\/03\/plakat-panaceum-omega-RAZEM-DLA-EDUKACJI-1.jpg 1404w\" sizes=\"auto, (max-width: 724px) 100vw, 724px\" \/><\/p>\n<p>Dokumenty do pobrania:<\/p>\n<p><a href=\"https:\/\/omegakikol.pl\/wp-content\/uploads\/2022\/03\/1-Oswiadczenie-na-temat-danych-wrazliwych-UP-NOWE.doc\">1 O\u015bwiadczenie na temat danych wra\u017cliwych UP- NOWE<\/a><\/p>\n<p><a href=\"https:\/\/omegakikol.pl\/wp-content\/uploads\/2022\/03\/2-Deklaracja-ucz..doc\">2 Deklaracja ucz.<\/a><\/p>\n<p><a href=\"https:\/\/omegakikol.pl\/wp-content\/uploads\/2022\/03\/3-Oswiadczenie-uczest.proj_..docx\">3 O\u015bwiadczenie uczest.proj.<\/a><\/p>\n<p><a href=\"https:\/\/omegakikol.pl\/wp-content\/uploads\/2022\/03\/3.Oswiadczenie-uczestnika-projektu.docx\">4 O\u015bwiadczenie uczestnika projektu<\/a><\/p>\n<p><a href=\"https:\/\/omegakikol.pl\/wp-content\/uploads\/2022\/03\/4-Rekomendacja-wychowacy.doc\">5 Rekomendacja wychowacy<\/a><\/p>\n<p><a href=\"https:\/\/omegakikol.pl\/wp-content\/uploads\/2022\/03\/Formularz-zgloszeniowy-dla-ucznia.docx\">Formularz zg\u0142oszeniowy dla ucznia<\/a><\/p>\n<p><a href=\"https:\/\/omegakikol.pl\/wp-content\/uploads\/2022\/03\/regulamin-rekrutacji-.doc\">regulamin-rekrutacji<\/a><\/p>\n<p>&nbsp;<\/p>\n\n\n<p><\/p>\n","protected":false},"excerpt":{"rendered":"<p>Dokumenty do pobrania: 1 O\u015bwiadczenie na temat danych wra\u017cliwych UP- NOWE 2 Deklaracja ucz. 3 O\u015bwiadczenie uczest.proj. 4 O\u015bwiadczenie uczestnika projektu 5 Rekomendacja wychowacy Formularz zg\u0142oszeniowy dla ucznia regulamin-rekrutacji &nbsp;<\/p>\n","protected":false},"author":1,"featured_media":0,"parent":0,"menu_order":0,"comment_status":"closed","ping_status":"closed","template":"","meta":{"ngg_post_thumbnail":0,"footnotes":""},"class_list":["post-2966","page","type-page","status-publish","hentry"],"_links":{"self":[{"href":"https:\/\/omegakikol.pl\/index.php?rest_route=\/wp\/v2\/pages\/2966","targetHints":{"allow":["GET"]}}],"collection":[{"href":"https:\/\/omegakikol.pl\/index.php?rest_route=\/wp\/v2\/pages"}],"about":[{"href":"https:\/\/omegakikol.pl\/index.php?rest_route=\/wp\/v2\/types\/page"}],"author":[{"embeddable":true,"href":"https:\/\/omegakikol.pl\/index.php?rest_route=\/wp\/v2\/users\/1"}],"replies":[{"embeddable":true,"href":"https:\/\/omegakikol.pl\/index.php?rest_route=%2Fwp%2Fv2%2Fcomments&post=2966"}],"version-history":[{"count":2,"href":"https:\/\/omegakikol.pl\/index.php?rest_route=\/wp\/v2\/pages\/2966\/revisions"}],"predecessor-version":[{"id":2977,"href":"https:\/\/omegakikol.pl\/index.php?rest_route=\/wp\/v2\/pages\/2966\/revisions\/2977"}],"wp:attachment":[{"href":"https:\/\/omegakikol.pl\/index.php?rest_route=%2Fwp%2Fv2%2Fmedia&parent=2966"}],"curies":[{"name":"wp","href":"https:\/\/api.w.org\/{rel}","templated":true}]}}