{"id":3153,"date":"2024-10-01T22:09:27","date_gmt":"2024-10-01T20:09:27","guid":{"rendered":"https:\/\/omegakikol.pl\/?page_id=3153"},"modified":"2025-07-09T20:31:08","modified_gmt":"2025-07-09T18:31:08","slug":"dokumenty-rekrutacji-uczniow","status":"publish","type":"page","link":"https:\/\/omegakikol.pl\/?page_id=3153","title":{"rendered":"Dokumenty rekrutacji uczni\u00f3w"},"content":{"rendered":"<p><strong><span style=\"font-family: 'times new roman', times; font-size: 17px;\">Dokumenty do pobrania:<\/span><\/strong><\/p>\n<p style=\"padding-left: 40px;\"><a href=\"https:\/\/omegakikol.pl\/wp-content\/uploads\/2025\/07\/Decyzja-komisji-rekrutacyjnej.doc\">Decyzja komisji rekrutacyjnej<\/a><\/p>\n<p style=\"padding-left: 40px;\"><a href=\"https:\/\/omegakikol.pl\/wp-content\/uploads\/2025\/07\/Formularz-zgloszeniowy-dla-ucznia.docx\">Formularz zg\u0142oszeniowy dla ucznia<\/a><\/p>\n<p style=\"padding-left: 40px;\"><a href=\"https:\/\/omegakikol.pl\/wp-content\/uploads\/2025\/07\/Oswiadczenie-RODO-Etap-I.doc\">O\u015bwiadczenie RODO Etap I<\/a><\/p>\n<p style=\"padding-left: 40px;\"><a href=\"https:\/\/omegakikol.pl\/wp-content\/uploads\/2025\/07\/regulamin-rekrutacji-LO.docx\">regulamin rekrutacji LO<\/a><\/p>\n<p style=\"padding-left: 40px;\"><a href=\"https:\/\/omegakikol.pl\/wp-content\/uploads\/2025\/07\/Zaswiadczenie-dla-ucznia.doc\">Za\u015bwiadczenie dla ucznia<\/a><\/p>\n<p style=\"padding-left: 40px;\"><a href=\"https:\/\/omegakikol.pl\/wp-content\/uploads\/2025\/07\/Oswiadczenie-dla-uczestnika-projektu.doc\">O\u015bwiadczenie dla uczestnika projektu<\/a><\/p>\n","protected":false},"excerpt":{"rendered":"<p>Dokumenty do pobrania: Decyzja komisji rekrutacyjnej Formularz zg\u0142oszeniowy dla ucznia O\u015bwiadczenie RODO Etap I regulamin rekrutacji LO Za\u015bwiadczenie dla ucznia O\u015bwiadczenie dla uczestnika projektu<\/p>\n","protected":false},"author":1,"featured_media":0,"parent":0,"menu_order":0,"comment_status":"closed","ping_status":"closed","template":"","meta":{"ngg_post_thumbnail":0,"footnotes":""},"class_list":["post-3153","page","type-page","status-publish","hentry"],"_links":{"self":[{"href":"https:\/\/omegakikol.pl\/index.php?rest_route=\/wp\/v2\/pages\/3153","targetHints":{"allow":["GET"]}}],"collection":[{"href":"https:\/\/omegakikol.pl\/index.php?rest_route=\/wp\/v2\/pages"}],"about":[{"href":"https:\/\/omegakikol.pl\/index.php?rest_route=\/wp\/v2\/types\/page"}],"author":[{"embeddable":true,"href":"https:\/\/omegakikol.pl\/index.php?rest_route=\/wp\/v2\/users\/1"}],"replies":[{"embeddable":true,"href":"https:\/\/omegakikol.pl\/index.php?rest_route=%2Fwp%2Fv2%2Fcomments&post=3153"}],"version-history":[{"count":5,"href":"https:\/\/omegakikol.pl\/index.php?rest_route=\/wp\/v2\/pages\/3153\/revisions"}],"predecessor-version":[{"id":3346,"href":"https:\/\/omegakikol.pl\/index.php?rest_route=\/wp\/v2\/pages\/3153\/revisions\/3346"}],"wp:attachment":[{"href":"https:\/\/omegakikol.pl\/index.php?rest_route=%2Fwp%2Fv2%2Fmedia&parent=3153"}],"curies":[{"name":"wp","href":"https:\/\/api.w.org\/{rel}","templated":true}]}}