{"id":3247,"date":"2025-03-21T17:22:00","date_gmt":"2025-03-21T16:22:00","guid":{"rendered":"https:\/\/omegakikol.pl\/?page_id=3247"},"modified":"2025-03-23T13:24:25","modified_gmt":"2025-03-23T12:24:25","slug":"galeria-podniesienie-kompetencji-kluczowych","status":"publish","type":"page","link":"https:\/\/omegakikol.pl\/?page_id=3247","title":{"rendered":"Galeria &#8211; Podniesienie kompetencji kluczowych"},"content":{"rendered":"<p><strong>Zaj\u0119cia teatralne<\/strong><\/p>\n<p><strong>&nbsp;&nbsp; <\/strong>W ramach projektu <strong>\u201e Podniesienie kompetencji kluczowych w nauczaniu na etapie szko\u0142y podstawowej\u201d<\/strong> prowadzone s\u0105 zaj\u0119cia teatralne w dw\u00f3ch grupach wiekowych. Ka\u017cda grupa liczy 8 os\u00f3b. G\u0142\u00f3wnym celem zaj\u0119\u0107 jest rozwijanie zainteresowa\u0144 i umiej\u0119tno\u015bci uczni\u00f3w. Podczas spotka\u0144 dzieci ucz\u0105 si\u0119 wyra\u017ca\u0107 emocje, rozwijaj\u0105 wyobra\u017ani\u0119, doskonal\u0105 dykcj\u0119 oraz doskonal\u0105 pami\u0119\u0107. Istotne jest r\u00f3wnie\u017c przezwyci\u0119\u017canie tremy przed wyst\u0119pem. Od pocz\u0105tku pa\u017adziernika &nbsp;zrealizowanych zosta\u0142o po 21 godzin w ka\u017cdej grupie wiekowej. Obie grupy zaprezentowa\u0142y si\u0119 podczas ostatniej uroczysto\u015bci walentynkowej.<\/p>\n<p>Dorota Balcerak<\/p>\nngg_shortcode_0_placeholder\n<p><strong>Robotyka<\/strong><\/p>\n<p>W zaj\u0119ciach robotyki uczestniczy o\u015bmioro uczni\u00f3w z klas m\u0142odszych. Uczniowie &nbsp;ucz\u0105 si\u0119 programowa\u0107&nbsp;roboty Photon, w przyjaznym dla dzieci j\u0119zyku programowania Scratch, kt\u00f3ry pozwala na \u0142atwe wprowadzanie podstawowych zasad kodowania. Podczas kreatywnych spotka\u0144 na&nbsp;&nbsp;robotyce dzieci maj\u0105 okazj\u0119 tak\u017ce projektowa\u0107, budowa\u0107 i programowa\u0107 w\u0142asne roboty, wykorzystuj\u0105c zestawy edukacyjne i konstrukcyjne LEGO. Tego typu zaj\u0119cia s\u0105 doskona\u0142\u0105&nbsp;okazj\u0105 do rozwijania pasji do nowych technologii.&nbsp;&nbsp;Od pocz\u0105tku pa\u017adziernika do ko\u0144ca lutego&nbsp;&nbsp;zrealizowano 16&nbsp;godzin zaj\u0119\u0107.&nbsp;<\/p>\n<p><em>Gra\u017cyna More\u0144ska<\/em><\/p>\nngg_shortcode_1_placeholder\n","protected":false},"excerpt":{"rendered":"<p>Zaj\u0119cia teatralne &nbsp;&nbsp; W ramach projektu \u201e Podniesienie kompetencji kluczowych w nauczaniu na etapie szko\u0142y podstawowej\u201d prowadzone s\u0105 zaj\u0119cia teatralne w dw\u00f3ch grupach wiekowych. Ka\u017cda grupa liczy 8 os\u00f3b. G\u0142\u00f3wnym celem zaj\u0119\u0107 jest rozwijanie zainteresowa\u0144 i umiej\u0119tno\u015bci uczni\u00f3w. Podczas spotka\u0144 dzieci ucz\u0105 si\u0119 wyra\u017ca\u0107 emocje, rozwijaj\u0105 wyobra\u017ani\u0119, doskonal\u0105 dykcj\u0119 oraz doskonal\u0105 pami\u0119\u0107. Istotne jest r\u00f3wnie\u017c [&hellip;]<\/p>\n","protected":false},"author":1,"featured_media":0,"parent":0,"menu_order":0,"comment_status":"closed","ping_status":"closed","template":"","meta":{"ngg_post_thumbnail":0,"footnotes":""},"class_list":["post-3247","page","type-page","status-publish","hentry"],"_links":{"self":[{"href":"https:\/\/omegakikol.pl\/index.php?rest_route=\/wp\/v2\/pages\/3247","targetHints":{"allow":["GET"]}}],"collection":[{"href":"https:\/\/omegakikol.pl\/index.php?rest_route=\/wp\/v2\/pages"}],"about":[{"href":"https:\/\/omegakikol.pl\/index.php?rest_route=\/wp\/v2\/types\/page"}],"author":[{"embeddable":true,"href":"https:\/\/omegakikol.pl\/index.php?rest_route=\/wp\/v2\/users\/1"}],"replies":[{"embeddable":true,"href":"https:\/\/omegakikol.pl\/index.php?rest_route=%2Fwp%2Fv2%2Fcomments&post=3247"}],"version-history":[{"count":4,"href":"https:\/\/omegakikol.pl\/index.php?rest_route=\/wp\/v2\/pages\/3247\/revisions"}],"predecessor-version":[{"id":3308,"href":"https:\/\/omegakikol.pl\/index.php?rest_route=\/wp\/v2\/pages\/3247\/revisions\/3308"}],"wp:attachment":[{"href":"https:\/\/omegakikol.pl\/index.php?rest_route=%2Fwp%2Fv2%2Fmedia&parent=3247"}],"curies":[{"name":"wp","href":"https:\/\/api.w.org\/{rel}","templated":true}]}}