{"id":3372,"date":"2025-07-09T21:13:07","date_gmt":"2025-07-09T19:13:07","guid":{"rendered":"https:\/\/omegakikol.pl\/?page_id=3372"},"modified":"2025-07-12T11:52:37","modified_gmt":"2025-07-12T09:52:37","slug":"dokumenty-do-pobrania-fekp-08-27-iz-00-0011-24","status":"publish","type":"page","link":"https:\/\/omegakikol.pl\/?page_id=3372","title":{"rendered":"Dokumenty do pobrania &#8211; FEKP.08.27-IZ.00-0011\/24"},"content":{"rendered":"<p><span style=\"font-family: arial, helvetica, sans-serif;\"><a href=\"https:\/\/omegakikol.pl\/wp-content\/uploads\/2025\/07\/1-Formularz-zgloszeniowy-dla-ucznia.docx\">1 Formularz zg\u0142oszeniowy dla ucznia<\/a><\/span><\/p>\n<p><span style=\"font-family: arial, helvetica, sans-serif;\"><a href=\"https:\/\/omegakikol.pl\/wp-content\/uploads\/2025\/07\/2-Oswiadczenie-RODO.doc\">2 O\u015bwiadczenie RODO<\/a><\/span><\/p>\n<p><span style=\"font-family: arial, helvetica, sans-serif;\"><a href=\"https:\/\/omegakikol.pl\/wp-content\/uploads\/2025\/07\/3-Zaswiadczenie-dla-ucznia.doc\">3 Za\u015bwiadczenie dla ucznia<\/a><\/span><\/p>\n<p><span style=\"font-family: arial, helvetica, sans-serif;\"><a href=\"https:\/\/omegakikol.pl\/wp-content\/uploads\/2025\/07\/4-Decyzja-komisji-rekrutacyjnej.doc\">4 Decyzja komisji rekrutacyjnej<\/a> <a href=\"https:\/\/omegakikol.pl\/wp-content\/uploads\/2025\/07\/regulamin-rekrutacji.doc\">regulamin-rekrutacji<\/a><\/span><\/p>\n","protected":false},"excerpt":{"rendered":"<p>1 Formularz zg\u0142oszeniowy dla ucznia 2 O\u015bwiadczenie RODO 3 Za\u015bwiadczenie dla ucznia 4 Decyzja komisji rekrutacyjnej regulamin-rekrutacji<\/p>\n","protected":false},"author":1,"featured_media":0,"parent":0,"menu_order":0,"comment_status":"closed","ping_status":"closed","template":"","meta":{"ngg_post_thumbnail":0,"footnotes":""},"class_list":["post-3372","page","type-page","status-publish","hentry"],"_links":{"self":[{"href":"https:\/\/omegakikol.pl\/index.php?rest_route=\/wp\/v2\/pages\/3372","targetHints":{"allow":["GET"]}}],"collection":[{"href":"https:\/\/omegakikol.pl\/index.php?rest_route=\/wp\/v2\/pages"}],"about":[{"href":"https:\/\/omegakikol.pl\/index.php?rest_route=\/wp\/v2\/types\/page"}],"author":[{"embeddable":true,"href":"https:\/\/omegakikol.pl\/index.php?rest_route=\/wp\/v2\/users\/1"}],"replies":[{"embeddable":true,"href":"https:\/\/omegakikol.pl\/index.php?rest_route=%2Fwp%2Fv2%2Fcomments&post=3372"}],"version-history":[{"count":2,"href":"https:\/\/omegakikol.pl\/index.php?rest_route=\/wp\/v2\/pages\/3372\/revisions"}],"predecessor-version":[{"id":3387,"href":"https:\/\/omegakikol.pl\/index.php?rest_route=\/wp\/v2\/pages\/3372\/revisions\/3387"}],"wp:attachment":[{"href":"https:\/\/omegakikol.pl\/index.php?rest_route=%2Fwp%2Fv2%2Fmedia&parent=3372"}],"curies":[{"name":"wp","href":"https:\/\/api.w.org\/{rel}","templated":true}]}}